{"id":4014,"date":"2021-08-30T09:22:54","date_gmt":"2021-08-30T09:22:54","guid":{"rendered":"https:\/\/interconecter.ro\/?page_id=4014"},"modified":"2026-02-01T18:07:10","modified_gmt":"2026-02-01T18:07:10","slug":"distribuitor-exclusiv-segafredo-romania-interconecter","status":"publish","type":"page","link":"https:\/\/interconecter.ro\/en\/distribuitor-exclusiv-segafredo-romania-interconecter\/","title":{"rendered":"Segafredo"},"content":{"rendered":"<div class=\"wpb-content-wrapper\"><div class=\"vc_row wpb_row vc_row-fluid\" ><div class=\"wpb_column vc_column_container vc_col-sm-2\"><div class=\"vc_column-inner\"><div class=\"wpb_wrapper\"><\/div><\/div><\/div><div class=\"wpb_column vc_column_container vc_col-sm-8\"><div class=\"vc_column-inner\"><div class=\"wpb_wrapper\"><div class=\"eltdf-section-title-holder\" style=\"text-align: center\">\n\t<div class=\"eltdf-st-inner\">\n\t\t\t\t\t<h4 class=\"eltdf-st-title\" >\n\t\t\t\tSegafredo - now closer to you\t\t\t<\/h4>\n\t\t\t\t\t\t\t<h6 class=\"eltdf-st-text\" >\n\t\t\t\tInter Conecter este distribuitor exclusiv Segafredo Rom\u00e2nia.\t\t\t<\/h6>\n\t\t\t<\/div>\n<\/div><div class=\"eltdf-separator-holder clearfix  eltdf-separator-center\" style=\"margin-top: 30px;margin-bottom: 30px\">\n\t\t<div class=\"eltdf-separator\" style=\"border-color: rgba(90,69,48,0.53);border-style: solid;width: 100px;border-bottom-width: 1px\"><\/div>\n\t\t\t<span class=\"eltdf-separator-icon\" style=\"margin: 0 20px\">\n\t\t\t    <span class=\"eltdf-icon-shortcode eltdf-normal\"  data-color=\"rgba(90,69,48,0.53)\">\n        <span class=\"eltdf-icon-bckg-holder\" ><\/span>\n                    <i class=\"eltdf-icon-ion-icon ion-coffee eltdf-icon-element\" style=\"color: rgba(90,69,48,0.53);font-size:20px\" ><\/i>                    <\/span>\n\t\t<\/span>\n\t\t\t\t\t<div class=\"eltdf-separator\" style=\"border-color: rgba(90,69,48,0.53);border-style: solid;width: 100px;border-bottom-width: 1px\"><\/div>\n\t\t\t<\/div>\n\n\t<div class=\"wpb_text_column wpb_content_element\" >\n\t\t<div class=\"wpb_wrapper\">\n\t\t\t<p style=\"text-align: center;\">Din ianuarie 2021, Inter Conecter \u00ee\u0219i consolideaz\u0103 portofoliul diversificat prin includerea brandului Segafredo, ca partener oficial pentru Rom\u00e2nia, Bulgaria \u0219i Republica Moldova. Aducem pe pia\u021ba local\u0103 cafeaua italian\u0103 <a href=\"https:\/\/www.segafredo.it\/en\/\">Segafredo Zanetti<\/a>, un brand cu tradi\u021bie din 1973, parte a <a href=\"https:\/\/www.mzb-group.com\/en\">Massimo Zanetti Beverage Group<\/a>.<br \/>\nInter Conecter is the authorized distributor for the full Segafredo Retail range, ensuring availability across supermarkets, specialty stores, and gas stations.<\/p>\n\n\t\t<\/div>\n\t<\/div>\n<\/div><\/div><\/div><div class=\"wpb_column vc_column_container vc_col-sm-2\"><div class=\"vc_column-inner\"><div class=\"wpb_wrapper\"><\/div><\/div><\/div><\/div><div class=\"vc_row wpb_row vc_row-fluid\" ><div class=\"wpb_column vc_column_container vc_col-sm-12\"><div class=\"vc_column-inner\"><div class=\"wpb_wrapper\"><div class=\"vc_empty_space\"   style=\"height: 100px\"><span class=\"vc_empty_space_inner\"><\/span><\/div><\/div><\/div><\/div><\/div><div class=\"vc_row wpb_row vc_row-fluid\" ><div class=\"wpb_column vc_column_container vc_col-sm-12\"><div class=\"vc_column-inner vc_custom_1758619770145\"><div class=\"wpb_wrapper\"><div class=\"eltdf-section-title-holder\" style=\"text-align: center\">\n\t<div class=\"eltdf-st-inner\">\n\t\t\t\t\t<h3 class=\"eltdf-st-title\" >\n\t\t\t\tItalian tradition in each espresso\t\t\t<\/h3>\n\t\t\t\t\t<\/div>\n<\/div><div class=\"eltdf-separator-holder clearfix  eltdf-separator-center\" style=\"margin-top: 30px;margin-bottom: 30px\">\n\t\t<div class=\"eltdf-separator\" style=\"border-color: rgba(90,69,48,0.53);border-style: solid;width: 100px;border-bottom-width: 1px\"><\/div>\n\t\t\t<span class=\"eltdf-separator-icon\" style=\"margin: 0 20px\">\n\t\t\t    <span class=\"eltdf-icon-shortcode eltdf-normal\"  data-color=\"rgba(90,69,48,0.53)\">\n        <span class=\"eltdf-icon-bckg-holder\" ><\/span>\n                    <i class=\"eltdf-icon-ion-icon ion-coffee eltdf-icon-element\" style=\"color: rgba(90,69,48,0.53);font-size:20px\" ><\/i>                    <\/span>\n\t\t<\/span>\n\t\t\t\t\t<div class=\"eltdf-separator\" style=\"border-color: rgba(90,69,48,0.53);border-style: solid;width: 100px;border-bottom-width: 1px\"><\/div>\n\t\t\t<\/div>\n<div class=\"vc_row wpb_row vc_inner vc_row-fluid\" ><div class=\"wpb_column vc_column_container vc_col-sm-3\"><div class=\"vc_column-inner\"><div class=\"wpb_wrapper\"><\/div><\/div><\/div><div class=\"wpb_column vc_column_container vc_col-sm-6\"><div class=\"vc_column-inner\"><div class=\"wpb_wrapper\">\n\t<div class=\"wpb_text_column wpb_content_element\" >\n\t\t<div class=\"wpb_wrapper\">\n\t\t\t<p style=\"text-align: center;\">Segafredo Zanetti is an Italian coffee brand with a rich tradition dating back to 1973, and part of the Massimo Zanetti Beverage Group, which oversees the entire chain \u2014 from cultivation and bean selection to processing, roasting, and distribution. Segafredo\u2019s coffee is renowned for its balance of intensity and finesse, the mastery of its roasting process, and the wide variety of blends \u2014 from rich Arabica and Robusta compositions to special editions dedicated to espressos and specialty coffees.<\/p>\n\n\t\t<\/div>\n\t<\/div>\n<\/div><\/div><\/div><div class=\"wpb_column vc_column_container vc_col-sm-3\"><div class=\"vc_column-inner\"><div class=\"wpb_wrapper\"><\/div><\/div><\/div><\/div><\/div><\/div><\/div><\/div><div class=\"vc_row wpb_row vc_row-fluid\" ><div class=\"wpb_column vc_column_container vc_col-sm-12\"><div class=\"vc_column-inner\"><div class=\"wpb_wrapper\"><div class=\"vc_empty_space\"   style=\"height: 100px\"><span class=\"vc_empty_space_inner\"><\/span><\/div><\/div><\/div><\/div><\/div><div class=\"vc_row wpb_row vc_row-fluid\" ><div class=\"wpb_column vc_column_container vc_col-sm-12\"><div class=\"vc_column-inner\"><div class=\"wpb_wrapper\"><div class=\"eltdf-section-title-holder\" style=\"text-align: center\">\n\t<div class=\"eltdf-st-inner\">\n\t\t\t\t\t<h4 class=\"eltdf-st-title\" >\n\t\t\t\tSegafredo selection\t\t\t<\/h4>\n\t\t\t\t\t\t\t<h6 class=\"eltdf-st-text\" >\n\t\t\t\tExploreaz\u0103 selec\u021bia noastr\u0103 Segafredo de cafea m\u0103cinat\u0103, boabe sau capsule.\t\t\t<\/h6>\n\t\t\t<\/div>\n<\/div><div class=\"eltdf-separator-holder clearfix  eltdf-separator-center\" style=\"margin-top: 30px;margin-bottom: 30px\">\n\t\t<div class=\"eltdf-separator\" style=\"border-color: rgba(90,69,48,0.53);border-style: solid;width: 100px;border-bottom-width: 1px\"><\/div>\n\t\t\t<span class=\"eltdf-separator-icon\" style=\"margin: 0 20px\">\n\t\t\t    <span class=\"eltdf-icon-shortcode eltdf-normal\"  data-color=\"rgba(90,69,48,0.53)\">\n        <span class=\"eltdf-icon-bckg-holder\" ><\/span>\n                    <i class=\"eltdf-icon-ion-icon ion-coffee eltdf-icon-element\" style=\"color: rgba(90,69,48,0.53);font-size:20px\" ><\/i>                    <\/span>\n\t\t<\/span>\n\t\t\t\t\t<div class=\"eltdf-separator\" style=\"border-color: rgba(90,69,48,0.53);border-style: solid;width: 100px;border-bottom-width: 1px\"><\/div>\n\t\t\t<\/div>\n<div class=\"vc_empty_space\"   style=\"height: 50px\"><span class=\"vc_empty_space_inner\"><\/span><\/div><\/div><\/div><\/div><\/div><div class=\"vc_row wpb_row vc_row-fluid vc_custom_1630915390479\" ><div class=\"wpb_column vc_column_container vc_col-sm-4\"><div class=\"vc_column-inner\"><div class=\"wpb_wrapper\"><h5 style=\"text-align: center;font-family:Marcellus;font-weight:400;font-style:normal\" class=\"vc_custom_heading\" >GROUND COFFEE<\/h5><div class=\"eltdf-image-with-text-holder center  eltdf-image-behavior-custom-link\">\n    <div class=\"eltdf-iwt-image\">\n        \t            <a itemprop=\"url\" href=\"\/en\/portfolio-category\/cafea-macinata\/\" target=\"_self\">\n                                    <img loading=\"lazy\" decoding=\"async\" width=\"650\" height=\"384\" src=\"https:\/\/interconecter.ro\/wp-content\/uploads\/2021\/09\/segafredo-caf-macinata.png\" class=\"attachment-large size-large\" alt=\"\" srcset=\"https:\/\/interconecter.ro\/wp-content\/uploads\/2021\/09\/segafredo-caf-macinata.png 650w, https:\/\/interconecter.ro\/wp-content\/uploads\/2021\/09\/segafredo-caf-macinata-600x354.png 600w, https:\/\/interconecter.ro\/wp-content\/uploads\/2021\/09\/segafredo-caf-macinata-300x177.png 300w, https:\/\/interconecter.ro\/wp-content\/uploads\/2021\/09\/segafredo-caf-macinata-16x9.png 16w\" sizes=\"auto, (max-width: 650px) 100vw, 650px\" \/>                                <\/a>\n            <\/div>\n    <div class=\"eltdf-iwt-text-holder\">\n        \t\t    <\/div>\n<\/div><\/div><\/div><\/div><div class=\"wpb_column vc_column_container vc_col-sm-4\"><div class=\"vc_column-inner\"><div class=\"wpb_wrapper\"><h5 style=\"text-align: center;font-family:Marcellus;font-weight:400;font-style:normal\" class=\"vc_custom_heading\" >COFFEE BEANS<\/h5><div class=\"eltdf-image-with-text-holder center  eltdf-image-behavior-custom-link\">\n    <div class=\"eltdf-iwt-image\">\n        \t            <a itemprop=\"url\" href=\"\/en\/portfolio-category\/cafea-boabe\/\" target=\"_self\">\n                                    <img loading=\"lazy\" decoding=\"async\" width=\"670\" height=\"373\" src=\"https:\/\/interconecter.ro\/wp-content\/uploads\/2021\/09\/segafredo-cafea-boabe.png\" class=\"attachment-large size-large\" alt=\"\" srcset=\"https:\/\/interconecter.ro\/wp-content\/uploads\/2021\/09\/segafredo-cafea-boabe.png 670w, https:\/\/interconecter.ro\/wp-content\/uploads\/2021\/09\/segafredo-cafea-boabe-600x334.png 600w, https:\/\/interconecter.ro\/wp-content\/uploads\/2021\/09\/segafredo-cafea-boabe-300x167.png 300w, https:\/\/interconecter.ro\/wp-content\/uploads\/2021\/09\/segafredo-cafea-boabe-16x9.png 16w\" sizes=\"auto, (max-width: 670px) 100vw, 670px\" \/>                                <\/a>\n            <\/div>\n    <div class=\"eltdf-iwt-text-holder\">\n        \t\t    <\/div>\n<\/div><\/div><\/div><\/div><div class=\"wpb_column vc_column_container vc_col-sm-4\"><div class=\"vc_column-inner\"><div class=\"wpb_wrapper\"><h5 style=\"text-align: center;font-family:Marcellus;font-weight:400;font-style:normal\" class=\"vc_custom_heading\" >NESPRESSO PADS AND SOFTPADS<\/h5><div class=\"eltdf-image-with-text-holder center  eltdf-image-behavior-custom-link\">\n    <div class=\"eltdf-iwt-image\">\n        \t            <a itemprop=\"url\" href=\"\/en\/portfolio-category\/cafea-capsule-nespresso-softpads\/\" target=\"_self\">\n                                    <img loading=\"lazy\" decoding=\"async\" width=\"651\" height=\"383\" src=\"https:\/\/interconecter.ro\/wp-content\/uploads\/2021\/09\/segafredo-capsule.png\" class=\"attachment-large size-large\" alt=\"\" srcset=\"https:\/\/interconecter.ro\/wp-content\/uploads\/2021\/09\/segafredo-capsule.png 651w, https:\/\/interconecter.ro\/wp-content\/uploads\/2021\/09\/segafredo-capsule-600x353.png 600w, https:\/\/interconecter.ro\/wp-content\/uploads\/2021\/09\/segafredo-capsule-300x176.png 300w, https:\/\/interconecter.ro\/wp-content\/uploads\/2021\/09\/segafredo-capsule-16x9.png 16w\" sizes=\"auto, (max-width: 651px) 100vw, 651px\" \/>                                <\/a>\n            <\/div>\n    <div class=\"eltdf-iwt-text-holder\">\n        \t\t    <\/div>\n<\/div><\/div><\/div><\/div><\/div>\n<\/div>","protected":false},"excerpt":{"rendered":"Povestea Segafredo - mai aproape de tine Inter Conecter este distribuitor exclusiv Segafredo Rom\u00e2nia. Din ianuarie 2021, Inter Conecter \u00ee\u0219i consolideaz\u0103 portofoliul diversificat prin includerea brandului Segafredo, ca partener oficial pentru Rom\u00e2nia, Bulgaria \u0219i Republica Moldova. Aducem pe pia\u021ba local\u0103 cafeaua italian\u0103 Segafredo Zanetti, un brand cu tradi\u021bie din 1973, parte a Massimo Zanetti Beverage Group. Ca urmare, Inter Conecter este distribuitor autorizat pentru gama complet\u0103 Segafredo Retail, asigur\u00e2nd acces at\u00e2t \u00een [...]","protected":false},"author":3,"featured_media":3519,"parent":0,"menu_order":0,"comment_status":"closed","ping_status":"open","template":"","meta":{"footnotes":""},"class_list":["post-4014","page","type-page","status-publish","has-post-thumbnail","hentry"],"yoast_head":"<!-- This site is optimized with the Yoast SEO plugin v27.3 - https:\/\/yoast.com\/product\/yoast-seo-wordpress\/ -->\n<title>Distribuitor exclusiv Segafredo Rom\u00e2nia - Interconecter<\/title>\n<meta name=\"description\" content=\"Distribuitor exclusiv Segafredo Rom\u00e2nia, Inter Conecter ofer\u0103 cafea italian\u0103 premium \u0219i produse atent selec\u021bionate, construite \u00een jurul calit\u0103\u021bii, constan\u021bei \u0219i \u00eencrederii pe termen lung.\" \/>\n<meta name=\"robots\" content=\"index, follow, max-snippet:-1, max-image-preview:large, max-video-preview:-1\" \/>\n<link rel=\"canonical\" href=\"https:\/\/interconecter.ro\/en\/distribuitor-exclusiv-segafredo-romania-interconecter\/\" \/>\n<meta property=\"og:locale\" content=\"en_US\" \/>\n<meta property=\"og:type\" content=\"article\" \/>\n<meta property=\"og:title\" content=\"Distribuitor exclusiv Segafredo Rom\u00e2nia - Interconecter\" \/>\n<meta property=\"og:description\" content=\"Distribuitor exclusiv Segafredo Rom\u00e2nia, Inter Conecter ofer\u0103 cafea italian\u0103 premium \u0219i produse atent selec\u021bionate, construite \u00een jurul calit\u0103\u021bii, constan\u021bei \u0219i \u00eencrederii pe termen lung.\" \/>\n<meta property=\"og:url\" content=\"https:\/\/interconecter.ro\/en\/distribuitor-exclusiv-segafredo-romania-interconecter\/\" \/>\n<meta property=\"og:site_name\" content=\"Interconecter\" \/>\n<meta property=\"article:publisher\" content=\"https:\/\/www.facebook.com\/interconecter2\" \/>\n<meta property=\"article:modified_time\" content=\"2026-02-01T18:07:10+00:00\" \/>\n<meta property=\"og:image\" content=\"https:\/\/interconecter.ro\/wp-content\/uploads\/2021\/02\/Design-fara-titlu-11.png\" \/>\n\t<meta property=\"og:image:width\" content=\"1920\" \/>\n\t<meta property=\"og:image:height\" content=\"1100\" \/>\n\t<meta property=\"og:image:type\" content=\"image\/png\" \/>\n<meta name=\"twitter:card\" content=\"summary_large_image\" \/>\n<meta name=\"twitter:label1\" content=\"Est. reading time\" \/>\n\t<meta name=\"twitter:data1\" content=\"2 minutes\" \/>\n<script type=\"application\/ld+json\" class=\"yoast-schema-graph\">{\"@context\":\"https:\\\/\\\/schema.org\",\"@graph\":[{\"@type\":\"WebPage\",\"@id\":\"https:\\\/\\\/interconecter.ro\\\/distribuitor-exclusiv-segafredo-romania-interconecter\\\/\",\"url\":\"https:\\\/\\\/interconecter.ro\\\/distribuitor-exclusiv-segafredo-romania-interconecter\\\/\",\"name\":\"Distribuitor exclusiv Segafredo Rom\u00e2nia - Interconecter\",\"isPartOf\":{\"@id\":\"https:\\\/\\\/interconecter.ro\\\/#website\"},\"primaryImageOfPage\":{\"@id\":\"https:\\\/\\\/interconecter.ro\\\/distribuitor-exclusiv-segafredo-romania-interconecter\\\/#primaryimage\"},\"image\":{\"@id\":\"https:\\\/\\\/interconecter.ro\\\/distribuitor-exclusiv-segafredo-romania-interconecter\\\/#primaryimage\"},\"thumbnailUrl\":\"https:\\\/\\\/interconecter.ro\\\/wp-content\\\/uploads\\\/2021\\\/02\\\/Design-fara-titlu-11.png\",\"datePublished\":\"2021-08-30T09:22:54+00:00\",\"dateModified\":\"2026-02-01T18:07:10+00:00\",\"description\":\"Distribuitor exclusiv Segafredo Rom\u00e2nia, Inter Conecter ofer\u0103 cafea italian\u0103 premium \u0219i produse atent selec\u021bionate, construite \u00een jurul calit\u0103\u021bii, constan\u021bei \u0219i \u00eencrederii pe termen lung.\",\"breadcrumb\":{\"@id\":\"https:\\\/\\\/interconecter.ro\\\/distribuitor-exclusiv-segafredo-romania-interconecter\\\/#breadcrumb\"},\"inLanguage\":\"en-US\",\"potentialAction\":[{\"@type\":\"ReadAction\",\"target\":[\"https:\\\/\\\/interconecter.ro\\\/distribuitor-exclusiv-segafredo-romania-interconecter\\\/\"]}]},{\"@type\":\"ImageObject\",\"inLanguage\":\"en-US\",\"@id\":\"https:\\\/\\\/interconecter.ro\\\/distribuitor-exclusiv-segafredo-romania-interconecter\\\/#primaryimage\",\"url\":\"https:\\\/\\\/interconecter.ro\\\/wp-content\\\/uploads\\\/2021\\\/02\\\/Design-fara-titlu-11.png\",\"contentUrl\":\"https:\\\/\\\/interconecter.ro\\\/wp-content\\\/uploads\\\/2021\\\/02\\\/Design-fara-titlu-11.png\",\"width\":1920,\"height\":1100},{\"@type\":\"BreadcrumbList\",\"@id\":\"https:\\\/\\\/interconecter.ro\\\/distribuitor-exclusiv-segafredo-romania-interconecter\\\/#breadcrumb\",\"itemListElement\":[{\"@type\":\"ListItem\",\"position\":1,\"name\":\"Prima pagin\u0103\",\"item\":\"https:\\\/\\\/interconecter.ro\\\/\"},{\"@type\":\"ListItem\",\"position\":2,\"name\":\"Segafredo\"}]},{\"@type\":\"WebSite\",\"@id\":\"https:\\\/\\\/interconecter.ro\\\/#website\",\"url\":\"https:\\\/\\\/interconecter.ro\\\/\",\"name\":\"Interconecter\",\"description\":\"Noua chiar ne place ciocolata\",\"publisher\":{\"@id\":\"https:\\\/\\\/interconecter.ro\\\/#organization\"},\"potentialAction\":[{\"@type\":\"SearchAction\",\"target\":{\"@type\":\"EntryPoint\",\"urlTemplate\":\"https:\\\/\\\/interconecter.ro\\\/?s={search_term_string}\"},\"query-input\":{\"@type\":\"PropertyValueSpecification\",\"valueRequired\":true,\"valueName\":\"search_term_string\"}}],\"inLanguage\":\"en-US\"},{\"@type\":\"Organization\",\"@id\":\"https:\\\/\\\/interconecter.ro\\\/#organization\",\"name\":\"Interconecter\",\"url\":\"https:\\\/\\\/interconecter.ro\\\/\",\"logo\":{\"@type\":\"ImageObject\",\"inLanguage\":\"en-US\",\"@id\":\"https:\\\/\\\/interconecter.ro\\\/#\\\/schema\\\/logo\\\/image\\\/\",\"url\":\"https:\\\/\\\/interconecter.ro\\\/wp-content\\\/uploads\\\/2021\\\/02\\\/Design-fara-titlu-21.png\",\"contentUrl\":\"https:\\\/\\\/interconecter.ro\\\/wp-content\\\/uploads\\\/2021\\\/02\\\/Design-fara-titlu-21.png\",\"width\":200,\"height\":200,\"caption\":\"Interconecter\"},\"image\":{\"@id\":\"https:\\\/\\\/interconecter.ro\\\/#\\\/schema\\\/logo\\\/image\\\/\"},\"sameAs\":[\"https:\\\/\\\/www.facebook.com\\\/interconecter2\"]}]}<\/script>\n<!-- \/ Yoast SEO plugin. -->","yoast_head_json":{"title":"Distribuitor exclusiv Segafredo Rom\u00e2nia - Interconecter","description":"Distribuitor exclusiv Segafredo Rom\u00e2nia, Inter Conecter ofer\u0103 cafea italian\u0103 premium \u0219i produse atent selec\u021bionate, construite \u00een jurul calit\u0103\u021bii, constan\u021bei \u0219i \u00eencrederii pe termen lung.","robots":{"index":"index","follow":"follow","max-snippet":"max-snippet:-1","max-image-preview":"max-image-preview:large","max-video-preview":"max-video-preview:-1"},"canonical":"https:\/\/interconecter.ro\/en\/distribuitor-exclusiv-segafredo-romania-interconecter\/","og_locale":"en_US","og_type":"article","og_title":"Distribuitor exclusiv Segafredo Rom\u00e2nia - Interconecter","og_description":"Distribuitor exclusiv Segafredo Rom\u00e2nia, Inter Conecter ofer\u0103 cafea italian\u0103 premium \u0219i produse atent selec\u021bionate, construite \u00een jurul calit\u0103\u021bii, constan\u021bei \u0219i \u00eencrederii pe termen lung.","og_url":"https:\/\/interconecter.ro\/en\/distribuitor-exclusiv-segafredo-romania-interconecter\/","og_site_name":"Interconecter","article_publisher":"https:\/\/www.facebook.com\/interconecter2","article_modified_time":"2026-02-01T18:07:10+00:00","og_image":[{"width":1920,"height":1100,"url":"https:\/\/interconecter.ro\/wp-content\/uploads\/2021\/02\/Design-fara-titlu-11.png","type":"image\/png"}],"twitter_card":"summary_large_image","twitter_misc":{"Est. reading time":"2 minutes"},"schema":{"@context":"https:\/\/schema.org","@graph":[{"@type":"WebPage","@id":"https:\/\/interconecter.ro\/distribuitor-exclusiv-segafredo-romania-interconecter\/","url":"https:\/\/interconecter.ro\/distribuitor-exclusiv-segafredo-romania-interconecter\/","name":"Distribuitor exclusiv Segafredo Rom\u00e2nia - Interconecter","isPartOf":{"@id":"https:\/\/interconecter.ro\/#website"},"primaryImageOfPage":{"@id":"https:\/\/interconecter.ro\/distribuitor-exclusiv-segafredo-romania-interconecter\/#primaryimage"},"image":{"@id":"https:\/\/interconecter.ro\/distribuitor-exclusiv-segafredo-romania-interconecter\/#primaryimage"},"thumbnailUrl":"https:\/\/interconecter.ro\/wp-content\/uploads\/2021\/02\/Design-fara-titlu-11.png","datePublished":"2021-08-30T09:22:54+00:00","dateModified":"2026-02-01T18:07:10+00:00","description":"Distribuitor exclusiv Segafredo Rom\u00e2nia, Inter Conecter ofer\u0103 cafea italian\u0103 premium \u0219i produse atent selec\u021bionate, construite \u00een jurul calit\u0103\u021bii, constan\u021bei \u0219i \u00eencrederii pe termen lung.","breadcrumb":{"@id":"https:\/\/interconecter.ro\/distribuitor-exclusiv-segafredo-romania-interconecter\/#breadcrumb"},"inLanguage":"en-US","potentialAction":[{"@type":"ReadAction","target":["https:\/\/interconecter.ro\/distribuitor-exclusiv-segafredo-romania-interconecter\/"]}]},{"@type":"ImageObject","inLanguage":"en-US","@id":"https:\/\/interconecter.ro\/distribuitor-exclusiv-segafredo-romania-interconecter\/#primaryimage","url":"https:\/\/interconecter.ro\/wp-content\/uploads\/2021\/02\/Design-fara-titlu-11.png","contentUrl":"https:\/\/interconecter.ro\/wp-content\/uploads\/2021\/02\/Design-fara-titlu-11.png","width":1920,"height":1100},{"@type":"BreadcrumbList","@id":"https:\/\/interconecter.ro\/distribuitor-exclusiv-segafredo-romania-interconecter\/#breadcrumb","itemListElement":[{"@type":"ListItem","position":1,"name":"Prima pagin\u0103","item":"https:\/\/interconecter.ro\/"},{"@type":"ListItem","position":2,"name":"Segafredo"}]},{"@type":"WebSite","@id":"https:\/\/interconecter.ro\/#website","url":"https:\/\/interconecter.ro\/","name":"Interconecter","description":"Noua chiar ne place ciocolata","publisher":{"@id":"https:\/\/interconecter.ro\/#organization"},"potentialAction":[{"@type":"SearchAction","target":{"@type":"EntryPoint","urlTemplate":"https:\/\/interconecter.ro\/?s={search_term_string}"},"query-input":{"@type":"PropertyValueSpecification","valueRequired":true,"valueName":"search_term_string"}}],"inLanguage":"en-US"},{"@type":"Organization","@id":"https:\/\/interconecter.ro\/#organization","name":"Interconecter","url":"https:\/\/interconecter.ro\/","logo":{"@type":"ImageObject","inLanguage":"en-US","@id":"https:\/\/interconecter.ro\/#\/schema\/logo\/image\/","url":"https:\/\/interconecter.ro\/wp-content\/uploads\/2021\/02\/Design-fara-titlu-21.png","contentUrl":"https:\/\/interconecter.ro\/wp-content\/uploads\/2021\/02\/Design-fara-titlu-21.png","width":200,"height":200,"caption":"Interconecter"},"image":{"@id":"https:\/\/interconecter.ro\/#\/schema\/logo\/image\/"},"sameAs":["https:\/\/www.facebook.com\/interconecter2"]}]}},"_links":{"self":[{"href":"https:\/\/interconecter.ro\/en\/wp-json\/wp\/v2\/pages\/4014","targetHints":{"allow":["GET"]}}],"collection":[{"href":"https:\/\/interconecter.ro\/en\/wp-json\/wp\/v2\/pages"}],"about":[{"href":"https:\/\/interconecter.ro\/en\/wp-json\/wp\/v2\/types\/page"}],"author":[{"embeddable":true,"href":"https:\/\/interconecter.ro\/en\/wp-json\/wp\/v2\/users\/3"}],"replies":[{"embeddable":true,"href":"https:\/\/interconecter.ro\/en\/wp-json\/wp\/v2\/comments?post=4014"}],"version-history":[{"count":5,"href":"https:\/\/interconecter.ro\/en\/wp-json\/wp\/v2\/pages\/4014\/revisions"}],"predecessor-version":[{"id":4712,"href":"https:\/\/interconecter.ro\/en\/wp-json\/wp\/v2\/pages\/4014\/revisions\/4712"}],"wp:featuredmedia":[{"embeddable":true,"href":"https:\/\/interconecter.ro\/en\/wp-json\/wp\/v2\/media\/3519"}],"wp:attachment":[{"href":"https:\/\/interconecter.ro\/en\/wp-json\/wp\/v2\/media?parent=4014"}],"curies":[{"name":"wp","href":"https:\/\/api.w.org\/{rel}","templated":true}]}}