{"id":3872,"date":"2021-03-01T10:49:10","date_gmt":"2021-03-01T10:49:10","guid":{"rendered":"https:\/\/interconecter.ro\/?page_id=3872"},"modified":"2021-03-29T11:33:24","modified_gmt":"2021-03-29T11:33:24","slug":"cookies","status":"publish","type":"page","link":"https:\/\/interconecter.ro\/en\/cookies\/","title":{"rendered":"Cookies Policy"},"content":{"rendered":"<div class=\"wpb-content-wrapper\"><section class=\"vc_section\"><div class=\"vc_row wpb_row vc_row-fluid\" ><div class=\"wpb_column vc_column_container vc_col-sm-12\"><div class=\"vc_column-inner\"><div class=\"wpb_wrapper\"><p style=\"text-align: justify;font-family:Raleway;font-weight:400;font-style:normal\" class=\"vc_custom_heading\" >Acest site utilizeaza cookie-uri, navigand in continuare va exprimati acordul folosirii acestora.<\/p><p style=\"text-align: justify;font-family:Raleway;font-weight:400;font-style:normal\" class=\"vc_custom_heading\" >1. Introducere<br \/>\nAceast\u0103 politic\u0103 privind fi\u0219ierele cookies se aplic\u0103 tuturor utilizatorilor paginii de internet www.interconecter.ro. Informa\u021biile de mai jos servesc la informarea utilizatorilor acestei pagini de internet cu privire la plasarea, utilizarea \u0219i administrarea cookie-urilor de c\u0103tre www.interconecter.ro cu ocazia acces\u0103rii de c\u0103tre utilizator a aceastei pagini de internet.<\/p><p style=\"text-align: justify;font-family:Raleway;font-weight:400;font-style:normal\" class=\"vc_custom_heading\" >2. Ce sunt cookie-urile?<br \/>\nNo\u0163iunea de \u201ecookie\u201d-uri pentru se refer\u0103 la modulele cookie \u0219i la tehnologiile similare prin intermediul c\u0103rora pot fi colectate automat diverse informa\u021bii.<br \/>\nUn \u201eInternet Cookie\u201d (alte denumiri uzuale sunt \u201ebrowser cookie\u201d \/ \u201eHTTP cookie\u201d \/ \u201ecookie\u201d) este un fi\u0219ier de mici dimensiuni, format din litere \u0219i numere, care va fi stocat pe computerul, terminalul mobil sau pe alte echipamente ale unui utilizator de pe care se acceseaz\u0103 internetul.<br \/>\nCookie-urile se instaleaz\u0103 prin cererea emis\u0103 de un web-server c\u0103tre un browser (de ex.: Internet Explorer, Firefox, Chrome). Dup\u0103 instalare, aceste Cookie-urile au o durat\u0103 de via\u0163\u0103 limitat\u0103 \u00een timp \u015fi r\u0103m\u00e2n \u201epasive\u201d. Ele nu con\u021bin programe software, viru\u0219i sau spyware \u0219i nu pot accesa informa\u021biile de pe hard driverul utilizatorului unde au fost instalate.<br \/>\nEle stocheaz\u0103 anumite nforma\u0163ii (de ex. Limba prefetrat\u0103, etc.) pe care browserul utilizatorului le poate transfera atunci c\u00e2nd se acceseaz\u0103 din nou pagina web.<br \/>\nTehnic, doar web-serverul care a trimis cookie-ul \u00eel poate accesa din nou \u00een momentul \u00een care un utilizator se \u00eentoarce pe pagina de internet asociat\u0103 web-serverului respectiv.<br \/>\nCookie-urile nu solicit informa\u0163ii cu caracter personal \u015fi de cele mai multe ori nu identific\u0103 personal utilizatorul.<br \/>\nUn cookie este alc\u0103tuit din dou\u0103 p\u0103r\u021bi: numele cookie-ului; \u0219i con\u021binutul sau valoarea cookie-ului.<\/p><p style=\"text-align: justify;font-family:Raleway;font-weight:400;font-style:normal\" class=\"vc_custom_heading\" >3. Scopul pentru care aceast\u0103 pagin\u0103 de internet utilizeaz\u0103 cookie-uri:<br \/>\nCookie-urile au ca menire furnizarea c\u0103tre utilizatorii paginii de internet o experien\u021b\u0103 mai bun\u0103 de navigare \u0219i servicii adaptate nevoilor \u0219i interesului fiec\u0103rui utilizator \u00een parte \u0219i anume pentru:<br \/>\n\u00eembun\u0103t\u0103\u021birea utiliz\u0103rii acestei pagini de internet, inclusiv prin identificarea oric\u0103ror erori care apar \u00een timpul vizit\u0103rii\/utiliz\u0103rii acesteia de c\u0103tre utilizatori;<br \/>\nfurnizarea de statistici anonime cu privire la modul \u00een care este utilizat\u0103 aceast\u0103 pagin\u0103 de internet c\u0103tre Inter Conecter S.R.L., de\u021bin\u0103torul acestei pagini de internet;<br \/>\nanticiparea unor eventuale bunuri care vor fi \u00een viitor puse la dispozi\u021bia utilizatorilor prin intermediul acestei pagini de internet, \u00een func\u021bie de serviciile \/ produsele accesate.<br \/>\nPe baza informa\u0163iilor colectate prin cookie-uri privind modul \u00een care se utilizeaz\u0103 aceast\u0103 pagin\u0103 de internet, Inter Conecter S.R.L. poate adopta m\u0103suri pentru ca aceast\u0103 pagin\u0103 de internet s\u0103 fie mai eficient\u0103 \u0219i mai accesibil\u0103 pentru utilizatori.<br \/>\nUtilizarea cookie-urilor permite memorarea anumitor set\u0103ri\/preferin\u021be stabilite de c\u0103tre utilizatorii acestei pagini de internet, cum ar fi:<br \/>\nlimba \u00een care este vizualizat\u0103 o pagin\u0103 de internet;<br \/>\nmoneda \u00een care se exprim\u0103 anumite pre\u021buri sau tarife;<br \/>\nfacilitarea accesului \u00een contul utilizatorilor;<br \/>\npostarea comentariilor pe site.<\/p><p style=\"text-align: justify;font-family:Raleway;font-weight:400;font-style:normal\" class=\"vc_custom_heading\" >4. Care este durata de via\u021b\u0103 a cookie-urilor?<br \/>\nDurata de via\u021b\u0103 a cookie-urilor difer\u0103, \u00een func\u0163ie de scopul pentru care este plasat. Dup\u0103 acest criteriu de clasificare avem urm\u0103toarele tipuri de cookie-uri:<br \/>\nCookie-uri de sesiune \u2013 sunt stocate temporar \u00een dosarul de cookie-uri a browserului web \u015fi \u0219ters automat c\u00e2nd utilizatorul \u00ee\u0219i \u00eenchide browserul.<br \/>\nCookie-uri persistente sau fixe \u2013 sunt stocate pe hard drive-ul unui computer sau echipament pentru o perioad\u0103 determinate de timp (care variaz\u0103 de la c\u00e2teva minute, zile sau c\u00e2\u021biva ani \u00een viitor) sau p\u00e2n\u0103 c\u00e2nd utilizator le \u015fterge, \u00een orice moment prin intermediul set\u0103rilor browserului.<\/p><p style=\"text-align: justify;font-family:Raleway;font-weight:400;font-style:normal\" class=\"vc_custom_heading\" >5. Cookie-urile plasate de ter\u021bi.<br \/>\nCookie-urile third party sunt plasate de c\u0103tre un alt domeniu de internet\/site web dec\u00e2t cel accesat de c\u0103tre utilizator.<br \/>\nAnumite sec\u021biuni de con\u021binut de pe aceast\u0103 pagina de internet pot fi furnizate prin intermediul unor ter\u021bi,.<br \/>\nRegulile \u00een materie de protec\u0163ie a datelor \u0219i Politica de Confiden\u021bialitate disponibil\u0103 pe aceast\u0103 pagin\u0103 de internet trebuie respectate \u015fi de c\u0103tre Ter\u021bii furnizori ai cookie-urilor.<br \/>\nTer\u021bii furnizori ai cookie-urilor pot fi: Google Analytics, Facebook.<\/p><p style=\"text-align: justify;font-family:Raleway;font-weight:400;font-style:normal\" class=\"vc_custom_heading\" >6. Tipurile de cookie-uri folosite de aceast\u0103 pagini de internet:<br \/>\nUrm\u0103toarele tipuri de cookie pot fi plasate la utilizarea\/vizitarea acestei pagini de internet:<br \/>\nCookie-uri de performan\u021b\u0103 a paginii de internet;<br \/>\nCookie-uri de analiz\u0103 a utilizatorilor;<br \/>\nCookie-uri pentru geotargetting;<br \/>\nCookie-uri de \u00eenregistrare;<br \/>\nCookie-uri pentru publicitate;<br \/>\nCookie-uri ale furnizorilor de publicitate;<\/p>\n<p>a. Cookie-uri de performan\u021b\u0103<br \/>\nPrin acest tip de cookie-uri sunt memorate preferin\u021bele utilizatorului acestei pagini de internet, astfel \u00eenc\u00e2t setarea din nou a preferin\u021belor \u00een cazul vizit\u0103rii ulterioare a paginii de internet nu mai este necesar\u0103.<\/p>\n<p>b. Cookie-uri de analiz\u0103 a utilizatorilor<br \/>\nAceste cookie-uri ne informeaz\u0103 dac\u0103 un anumit utilizator al paginii de internet a mai vizitat\/utilizat aceast\u0103 pagin\u0103 de internet anterior. Aceste cookie-uri sunt utilizate doar \u00een scopuri statistice.<\/p>\n<p>c. Cookie-uri pentru geotargetting<br \/>\nAceste cookie-uri sunt utilizate de c\u0103tre un soft care stabile\u0219te \u021bara de provenien\u021b\u0103 a utilizatorului paginii de internet. Vor fi primite acelea\u0219i reclame indiferent de limba selectat\u0103.<\/p>\n<p>d. Cookie-uri pentru \u00eenregistrare<br \/>\nAtunci c\u00e2nd v\u0103 \u00eenregistra\u021bi pe acest site, se genereaz\u0103 cookie-uri care memoreaz\u0103 acest demers. Serverele utilizeaz\u0103 aceste cookie-uri pentru a ne ar\u0103ta contul cu care sunte\u021bi \u00eenregistrat. De asemenea, utilizarea acestor cookie-uri permite s\u0103 asociem orice comentariu postat pe pagina de internet cu username-ul contului folosit. \u00cen cazul \u00een care nu a fost selectat\u0103 op\u021biunea \u201ep\u0103streaz\u0103-m\u0103 \u00eenregistrat\u201d, aceste cookie-uri se vor \u0219terge automat la momentul termin\u0103rii sesiunii de navigare.<\/p>\n<p>e. Cookie-uri pentru publicitate<br \/>\nAceste cookie-uri permit aflarea vizualiz\u0103rii de c\u0103tre un utilizator a unei reclame online, tipul acesteia \u0219i timpul scurs de la momentul vizualiz\u0103rii respectviului mesaj publicitar. Ca atare, astfel de cookie-uri sunt folosite pentru targetarea publicit\u0103\u021bii online. Aceste cookie-uri sunt anonime, stoc\u00e2nd informa\u021bii despre contentul vizualizat, nu \u0219i despre utilizatori.<\/p><p style=\"text-align: justify;font-family:Raleway;font-weight:400;font-style:normal\" class=\"vc_custom_heading\" >7. Tip de informa\u021bii stocate \u0219i accesate prin intermediul cookie-urilor<br \/>\nCookie-urile stocheaz\u0103 informa\u021bii \u00eentr-un fi\u0219ier text de mici dimensiuni permi\u0163\u00e2nd recunoa\u0219terea browserului. Astfel pagina de internet recunoa\u0219te browserul p\u00e2n\u0103 c\u00e2nd cookie-urile expir\u0103 sau sunt \u0219terse.<\/p><p style=\"text-align: justify;font-family:Raleway;font-weight:400;font-style:normal\" class=\"vc_custom_heading\" >8. Particularizarea set\u0103rile browserului \u00een ceea ce prive\u0219te cookie-urile<br \/>\nAv\u00e2nd \u00een vedere rostul cookie-urilor de a \u00eembun\u0103t\u0103\u0163i experien\u0163a de navigare, dac\u0103 acestea nu creeaz\u0103 inconveniente cum ar fi \u00eencetinirea calculatorului sau echipamentul tehnic utilizat pentru navigarea pe aceast\u0103 pagin\u0103 de internet, iar Dvs. sunte\u0163i unicul utilizator al lui, pot fi setate termene lungi de expirare pentru stocrarea istoricului de navigare.<br \/>\n\u00cen func\u0163ie de preferin\u0163e se poate setar \u0219tergerea datelor individuale de navigare de fiecare dat\u0103 c\u00e2nd browserul este \u00eenchis.<\/p><p style=\"text-align: justify;font-family:Raleway;font-weight:400;font-style:normal\" class=\"vc_custom_heading\" >9. Pot fi oprite cookie-urile? [Aten\u021bie! Aceasta va duce la func\u021bionarea \u0219i afi\u0219area par\u021bial incorect\u0103 a blogului.]<br \/>\nConsecin\u0163a dezactiv\u0103rii \u015fi a refuzului de a primi cookie-uri pot face aceast\u0103 pagin\u0103 de internet dificil de vizitat, atr\u0103g\u00e2nd dup\u0103 sine limit\u0103ri ale posibilit\u0103\u021bilor de utilizare ale acesteia. Browserul poate fi configurat s\u0103 resping\u0103 fi\u0219ierele cookie sau s\u0103 fie acceptate cookie-uri de la o pagin\u0103 de internet anume.<br \/>\n\u00cen present se pot schimba set\u0103rile cookie-urilor. Aceste set\u0103ri pot fi accesate, ca regul\u0103, \u00een sec\u021biunea \u201eop\u021biuni\u201d sau \u00een meniul de \u201epreferin\u021be\u201d al browserului Dvs.<br \/>\nTotu\u0219i, refuzarea sau dezactivarea cookie-urilor nu \u00eenseamn\u0103 c\u0103 nu ve\u021bi mai primi publicitate online \u2013 ci doar ca aceasta nu va fi adaptat\u0103 preferin\u021belor \u0219i interesele dumneavoastr\u0103, eviden\u021biate prin comportamentul de navigare.<\/p><p style=\"text-align: justify;font-family:Raleway;font-weight:400;font-style:normal\" class=\"vc_custom_heading\" >Pentru a \u00een\u021belege aceste set\u0103ri, urm\u0103toarele linkuri pot fi folositoare:<br \/>\nCookie settings in Internet Explorer - https:\/\/support.microsoft.com\/en-us\/help\/17442\/windows-internet-explorer-delete-manage-cookies<br \/>\nCookie settings in Firefox - https:\/\/support.mozilla.org\/en-US\/kb\/enable-and-disable-cookies-website-preferences<br \/>\nCookie settings in Chrome - https:\/\/support.google.com\/chrome\/answer\/95647<br \/>\nCookie settings in Safari - https:\/\/support.apple.com\/kb\/ph21411<\/p><p style=\"text-align: justify;font-family:Raleway;font-weight:400;font-style:normal\" class=\"vc_custom_heading\" >Linkuri utile<br \/>\nDaca doriti sa afli mai multe infromatii despre cookie-uri si la ce sunt utilizate, recomandam urmatoarele linkuri:<br \/>\nhttp:\/\/www.microsoft.com\/info\/cookies.mspx<br \/>\nhttp:\/\/www.allaboutcookies.org\/<\/p><p style=\"text-align: justify;font-family:Raleway;font-weight:400;font-style:normal\" class=\"vc_custom_heading\" >Pentru mai multe detalii legate de probleme de confidentialitate, puteti accesa si urmatoarele linkuri:<br \/>\nhttp:\/\/www.dreptonline.ro\/legislatie\/oug_13_2012_modificare_prelucrare_date_caracter_personal_protectia_vietii_private_comunicatii_electronice.php<br \/>\nhttp:\/\/www.guardian.co.uk\/info\/cookies<\/p><\/div><\/div><\/div><\/div><\/section>\n<\/div>","protected":false},"excerpt":{"rendered":"Acest site utilizeaza cookie-uri, navigand in continuare va exprimati acordul folosirii acestora.1. Introducere Aceast\u0103 politic\u0103 privind fi\u0219ierele cookies se aplic\u0103 tuturor utilizatorilor paginii de internet www.interconecter.ro. Informa\u021biile de mai jos servesc la informarea utilizatorilor acestei pagini de internet cu privire la plasarea, utilizarea \u0219i administrarea cookie-urilor de c\u0103tre www.interconecter.ro cu ocazia acces\u0103rii de c\u0103tre utilizator a aceastei pagini de internet.2. Ce sunt cookie-urile? No\u0163iunea de \u201ecookie\u201d-uri pentru se refer\u0103 la modulele cookie [...]","protected":false},"author":3,"featured_media":0,"parent":0,"menu_order":0,"comment_status":"closed","ping_status":"open","template":"","meta":{"footnotes":""},"class_list":["post-3872","page","type-page","status-publish","hentry"],"yoast_head":"<!-- This site is optimized with the Yoast SEO plugin v27.3 - https:\/\/yoast.com\/product\/yoast-seo-wordpress\/ -->\n<title>Politica Cookies - Interconecter<\/title>\n<meta name=\"robots\" content=\"index, follow, max-snippet:-1, max-image-preview:large, max-video-preview:-1\" \/>\n<link rel=\"canonical\" href=\"https:\/\/interconecter.ro\/en\/cookies\/\" \/>\n<meta property=\"og:locale\" content=\"en_US\" \/>\n<meta property=\"og:type\" content=\"article\" \/>\n<meta property=\"og:title\" content=\"Politica Cookies - Interconecter\" \/>\n<meta property=\"og:url\" content=\"https:\/\/interconecter.ro\/en\/cookies\/\" \/>\n<meta property=\"og:site_name\" content=\"Interconecter\" \/>\n<meta property=\"article:publisher\" content=\"https:\/\/www.facebook.com\/interconecter2\" \/>\n<meta property=\"article:modified_time\" content=\"2021-03-29T11:33:24+00:00\" \/>\n<meta name=\"twitter:card\" content=\"summary_large_image\" \/>\n<meta name=\"twitter:label1\" content=\"Est. reading time\" \/>\n\t<meta name=\"twitter:data1\" content=\"9 minutes\" \/>\n<script type=\"application\/ld+json\" class=\"yoast-schema-graph\">{\"@context\":\"https:\\\/\\\/schema.org\",\"@graph\":[{\"@type\":\"WebPage\",\"@id\":\"https:\\\/\\\/interconecter.ro\\\/cookies\\\/\",\"url\":\"https:\\\/\\\/interconecter.ro\\\/cookies\\\/\",\"name\":\"Politica Cookies - Interconecter\",\"isPartOf\":{\"@id\":\"https:\\\/\\\/interconecter.ro\\\/#website\"},\"datePublished\":\"2021-03-01T10:49:10+00:00\",\"dateModified\":\"2021-03-29T11:33:24+00:00\",\"breadcrumb\":{\"@id\":\"https:\\\/\\\/interconecter.ro\\\/cookies\\\/#breadcrumb\"},\"inLanguage\":\"en-US\",\"potentialAction\":[{\"@type\":\"ReadAction\",\"target\":[\"https:\\\/\\\/interconecter.ro\\\/cookies\\\/\"]}]},{\"@type\":\"BreadcrumbList\",\"@id\":\"https:\\\/\\\/interconecter.ro\\\/cookies\\\/#breadcrumb\",\"itemListElement\":[{\"@type\":\"ListItem\",\"position\":1,\"name\":\"Prima pagin\u0103\",\"item\":\"https:\\\/\\\/interconecter.ro\\\/\"},{\"@type\":\"ListItem\",\"position\":2,\"name\":\"Politica Cookies\"}]},{\"@type\":\"WebSite\",\"@id\":\"https:\\\/\\\/interconecter.ro\\\/#website\",\"url\":\"https:\\\/\\\/interconecter.ro\\\/\",\"name\":\"Interconecter\",\"description\":\"Noua chiar ne place ciocolata\",\"publisher\":{\"@id\":\"https:\\\/\\\/interconecter.ro\\\/#organization\"},\"potentialAction\":[{\"@type\":\"SearchAction\",\"target\":{\"@type\":\"EntryPoint\",\"urlTemplate\":\"https:\\\/\\\/interconecter.ro\\\/?s={search_term_string}\"},\"query-input\":{\"@type\":\"PropertyValueSpecification\",\"valueRequired\":true,\"valueName\":\"search_term_string\"}}],\"inLanguage\":\"en-US\"},{\"@type\":\"Organization\",\"@id\":\"https:\\\/\\\/interconecter.ro\\\/#organization\",\"name\":\"Interconecter\",\"url\":\"https:\\\/\\\/interconecter.ro\\\/\",\"logo\":{\"@type\":\"ImageObject\",\"inLanguage\":\"en-US\",\"@id\":\"https:\\\/\\\/interconecter.ro\\\/#\\\/schema\\\/logo\\\/image\\\/\",\"url\":\"https:\\\/\\\/interconecter.ro\\\/wp-content\\\/uploads\\\/2021\\\/02\\\/Design-fara-titlu-21.png\",\"contentUrl\":\"https:\\\/\\\/interconecter.ro\\\/wp-content\\\/uploads\\\/2021\\\/02\\\/Design-fara-titlu-21.png\",\"width\":200,\"height\":200,\"caption\":\"Interconecter\"},\"image\":{\"@id\":\"https:\\\/\\\/interconecter.ro\\\/#\\\/schema\\\/logo\\\/image\\\/\"},\"sameAs\":[\"https:\\\/\\\/www.facebook.com\\\/interconecter2\"]}]}<\/script>\n<!-- \/ Yoast SEO plugin. -->","yoast_head_json":{"title":"Politica Cookies - Interconecter","robots":{"index":"index","follow":"follow","max-snippet":"max-snippet:-1","max-image-preview":"max-image-preview:large","max-video-preview":"max-video-preview:-1"},"canonical":"https:\/\/interconecter.ro\/en\/cookies\/","og_locale":"en_US","og_type":"article","og_title":"Politica Cookies - Interconecter","og_url":"https:\/\/interconecter.ro\/en\/cookies\/","og_site_name":"Interconecter","article_publisher":"https:\/\/www.facebook.com\/interconecter2","article_modified_time":"2021-03-29T11:33:24+00:00","twitter_card":"summary_large_image","twitter_misc":{"Est. reading time":"9 minutes"},"schema":{"@context":"https:\/\/schema.org","@graph":[{"@type":"WebPage","@id":"https:\/\/interconecter.ro\/cookies\/","url":"https:\/\/interconecter.ro\/cookies\/","name":"Politica Cookies - Interconecter","isPartOf":{"@id":"https:\/\/interconecter.ro\/#website"},"datePublished":"2021-03-01T10:49:10+00:00","dateModified":"2021-03-29T11:33:24+00:00","breadcrumb":{"@id":"https:\/\/interconecter.ro\/cookies\/#breadcrumb"},"inLanguage":"en-US","potentialAction":[{"@type":"ReadAction","target":["https:\/\/interconecter.ro\/cookies\/"]}]},{"@type":"BreadcrumbList","@id":"https:\/\/interconecter.ro\/cookies\/#breadcrumb","itemListElement":[{"@type":"ListItem","position":1,"name":"Prima pagin\u0103","item":"https:\/\/interconecter.ro\/"},{"@type":"ListItem","position":2,"name":"Politica Cookies"}]},{"@type":"WebSite","@id":"https:\/\/interconecter.ro\/#website","url":"https:\/\/interconecter.ro\/","name":"Interconecter","description":"Noua chiar ne place ciocolata","publisher":{"@id":"https:\/\/interconecter.ro\/#organization"},"potentialAction":[{"@type":"SearchAction","target":{"@type":"EntryPoint","urlTemplate":"https:\/\/interconecter.ro\/?s={search_term_string}"},"query-input":{"@type":"PropertyValueSpecification","valueRequired":true,"valueName":"search_term_string"}}],"inLanguage":"en-US"},{"@type":"Organization","@id":"https:\/\/interconecter.ro\/#organization","name":"Interconecter","url":"https:\/\/interconecter.ro\/","logo":{"@type":"ImageObject","inLanguage":"en-US","@id":"https:\/\/interconecter.ro\/#\/schema\/logo\/image\/","url":"https:\/\/interconecter.ro\/wp-content\/uploads\/2021\/02\/Design-fara-titlu-21.png","contentUrl":"https:\/\/interconecter.ro\/wp-content\/uploads\/2021\/02\/Design-fara-titlu-21.png","width":200,"height":200,"caption":"Interconecter"},"image":{"@id":"https:\/\/interconecter.ro\/#\/schema\/logo\/image\/"},"sameAs":["https:\/\/www.facebook.com\/interconecter2"]}]}},"_links":{"self":[{"href":"https:\/\/interconecter.ro\/en\/wp-json\/wp\/v2\/pages\/3872","targetHints":{"allow":["GET"]}}],"collection":[{"href":"https:\/\/interconecter.ro\/en\/wp-json\/wp\/v2\/pages"}],"about":[{"href":"https:\/\/interconecter.ro\/en\/wp-json\/wp\/v2\/types\/page"}],"author":[{"embeddable":true,"href":"https:\/\/interconecter.ro\/en\/wp-json\/wp\/v2\/users\/3"}],"replies":[{"embeddable":true,"href":"https:\/\/interconecter.ro\/en\/wp-json\/wp\/v2\/comments?post=3872"}],"version-history":[{"count":5,"href":"https:\/\/interconecter.ro\/en\/wp-json\/wp\/v2\/pages\/3872\/revisions"}],"predecessor-version":[{"id":4006,"href":"https:\/\/interconecter.ro\/en\/wp-json\/wp\/v2\/pages\/3872\/revisions\/4006"}],"wp:attachment":[{"href":"https:\/\/interconecter.ro\/en\/wp-json\/wp\/v2\/media?parent=3872"}],"curies":[{"name":"wp","href":"https:\/\/api.w.org\/{rel}","templated":true}]}}