{"id":3870,"date":"2021-03-01T10:48:50","date_gmt":"2021-03-01T10:48:50","guid":{"rendered":"https:\/\/interconecter.ro\/?page_id=3870"},"modified":"2022-01-06T13:46:32","modified_gmt":"2022-01-06T13:46:32","slug":"termeni-si-conditii","status":"publish","type":"page","link":"https:\/\/interconecter.ro\/en\/termeni-si-conditii\/","title":{"rendered":"Terms and conditions"},"content":{"rendered":"<div class=\"wpb-content-wrapper\"><section class=\"vc_section\"><div class=\"vc_row wpb_row vc_row-fluid\" ><div class=\"wpb_column vc_column_container vc_col-sm-12\"><div class=\"vc_column-inner\"><div class=\"wpb_wrapper\"><p style=\"text-align: justify;font-family:Open Sans;font-weight:600;font-style:normal\" class=\"vc_custom_heading\" >1. PREAMBLE<\/p><\/div><\/div><\/div><\/div><div class=\"vc_row wpb_row vc_row-fluid\" ><div class=\"wpb_column vc_column_container vc_col-sm-12\"><div class=\"vc_column-inner\"><div class=\"wpb_wrapper\"><p style=\"text-align: justify;font-family:Open Sans;font-weight:400;font-style:normal\" class=\"vc_custom_heading\" >This website is the property of Inter Conecter S.R.L. being operated by it. The website is available for information purposes. By accessing this site you agree to these terms and conditions.<\/p>\n<p>These Terms and Conditions (\"Terms and Conditions\") are applicable to the relations between Inter Conecter S.R.L., based in Timi\u015foara, str. Ctin Miu Lerca no. 7 \/ C, Timis County, Romania (\u201cthe Company\u201d, or \u201cWe\u201d) and the persons who use (the \u201cUser\u201d) the website www.interconecter.ro (the \u201cSite\u201d) and \/ or the services offered by the Company through through the Site (the \u201cServices\u201d).<\/p>\n<p>Access to and use of the Site, as well as any page or component section thereof, or any Service provided through the Site may be made in accordance with the Terms and Conditions, which include the Data Privacy Policy and the Cookies Policy.<\/p>\n<p>During the use of the site or services it is possible to ask the user to express agreement on the content of these terms and conditions by a typical action, which denotes an unequivocal consent (eg ticking the specific box \"I have read and agree with the terms and conditions of interconecter.ro \u201d).<\/p>\n<p>By checking a box, the user:<br \/>\na) consimte expres s\u0103 respecte toate clauzele din acest set de termeni si conditii, precum si orice alti termeni si conditii specifice aplicabile serviciilor;<br \/>\nb) a luat la cuno\u015ftin\u0163\u0103 despre conditiile de prelucrare a datelor personale potrivit politicii de confidentialitate, parte integranta din acest set de termeni si conditii.<\/p>\n<p>Access to this website is free. The purpose of the website is to inform, to help users find the necessary information as easily, structured and fast as possible.<br \/>\nBecause Inter Conecter S.R.L. to grant you permission to use this website, the following must be observed:<br \/>\n- you will use this website only for personal, non - commercial interest;<br \/>\n- it is forbidden to copy or distribute the information on the site (text, pictures, video, or any other material) without the written and prior consent of the webmaster's administrator;<br \/>\n- the modification or total or partial degradation of this web-site is forbidden;<br \/>\n- it is forbidden to publish on this web site information that may be misleading (text, videos, pictures, etc.).<br \/>\n- you will respect the terms and conditions of use of this site.<\/p>\n<p>Each user remains personally liable for any damage to the site or a third party, by committing actions contrary to these terms and conditions and \/ or unauthorized.<\/p>\n<p>By accessing this site, you agree not to use any program, application or any other means of automatic access to the website, in order to spam, flood, steal data, modify or alter the website, remaining solely liable for damages caused to us or to third parties by performing such actions.<\/p>\n<p>The user should consult the terms and conditions of use each time he accesses a site. The user's omission to read the terms and conditions is not opposable to us, by accessing the site we will assume that he has read their content and accepted them (including their updates).<\/p>\n<p>In case of disagreement with the provisions of this set of Terms and Conditions (including any update thereof), the user is asked not to use, or as the case may be, to stop using the Site, or the Services offered by Inter Conecter S.R.L., as the case may be.<\/p><\/div><\/div><\/div><\/div><div class=\"vc_row wpb_row vc_row-fluid\" ><div class=\"wpb_column vc_column_container vc_col-sm-12\"><div class=\"vc_column-inner\"><div class=\"wpb_wrapper\"><p style=\"text-align: justify;font-family:Open Sans;font-weight:600;font-style:normal\" class=\"vc_custom_heading\" >2. INTELLECTUAL PROPERTY LAW<\/p><\/div><\/div><\/div><\/div><div class=\"vc_row wpb_row vc_row-fluid\" ><div class=\"wpb_column vc_column_container vc_col-sm-12\"><div class=\"vc_column-inner\"><div class=\"wpb_wrapper\"><p style=\"text-align: justify;font-family:Open Sans;font-weight:400;font-style:normal\" class=\"vc_custom_heading\" >The site www.interconecter.ro is protected by copyright and other intellectual property rights. The site and the elements that compose it (texts, menus, images, texts, menus photos, etc.), are the exclusive property of Inter Conecter SRL, this being the only one entitled to use and dispose of the copyright and other copyright intellectual property related to the User's Site is not assigned any license or any right other than to browse and consult the Site.<\/p>\n<p>Reproduction, retransmission or storage on another web site or in any other type of electronic registration system of any written or illustrative material on the site is strictly prohibited without the prior consent of Inter Conecter S.R.L.<\/p>\n<p>Third party images<br \/>\nIt is possible that this site contains images, over which some third parties have an intellectual property right. Their use for commercial purposes without the consent of the rightful owner is strictly prohibited.<\/p>\n<p>Trademarks, names, logos<br \/>\nAll product names and other names found on this site are trademarks of Inter Conecter S.R.L. or of some of our collaborators, regardless of whether they are marked with the symbols:\n\u00a9, \u00ae, \u2122. Their use by users is strictly prohibited.<\/p><\/div><\/div><\/div><\/div><div class=\"vc_row wpb_row vc_row-fluid\" ><div class=\"wpb_column vc_column_container vc_col-sm-12\"><div class=\"vc_column-inner\"><div class=\"wpb_wrapper\"><p style=\"text-align: justify;font-family:Open Sans;font-weight:600;font-style:normal\" class=\"vc_custom_heading\" >3. Risks<\/p><\/div><\/div><\/div><\/div><div class=\"vc_row wpb_row vc_row-fluid\" ><div class=\"wpb_column vc_column_container vc_col-sm-12\"><div class=\"vc_column-inner\"><div class=\"wpb_wrapper\"><p style=\"text-align: justify;font-family:Open Sans;font-weight:400;font-style:normal\" class=\"vc_custom_heading\" >The user accesses this web site and uses the documents displayed in its content, at his own risk.<\/p>\n<p>The information in the content of this site is \"as is\", for personal information purposes only, without any warranty whatsoever.<\/p>\n<p>Information may contain typographical errors, and may be modified, updated and deleted without notice. We reserve the right to make changes at any time. The download of the programs will be done at your own risk. The user is responsible for ensuring the confidentiality of the data.<\/p>\n<p>We are not responsible for damages caused to the user by any viruses that affect the user's system as a result of accessing audio, video, data or text on the site.<\/p>\n<p>Links<br \/>\nInter Connect S.R.L. does not provide descriptions or warranties of any other website that you may choose to access through this site. approve the content of those websites or their content.<br \/>\nThe information on this site is purely informative and not to provide advice or advice in a particular area.<\/p>\n<p>Disclaimer<br \/>\nWe disclaim any liability to anyone for any fact resulting from the use of the information on this site, even if the user is not expressly warned of the possibility of such damage.<\/p><\/div><\/div><\/div><\/div><div class=\"vc_row wpb_row vc_row-fluid\" ><div class=\"wpb_column vc_column_container vc_col-sm-12\"><div class=\"vc_column-inner\"><div class=\"wpb_wrapper\"><p style=\"text-align: justify;font-family:Open Sans;font-weight:600;font-style:normal\" class=\"vc_custom_heading\" >4. Confidentiality<\/p><\/div><\/div><\/div><\/div><div class=\"vc_row wpb_row vc_row-fluid\" ><div class=\"wpb_column vc_column_container vc_col-sm-12\"><div class=\"vc_column-inner\"><div class=\"wpb_wrapper\"><p style=\"text-align: justify;font-family:Open Sans;font-weight:400;font-style:normal\" class=\"vc_custom_heading\" >The information distributed by users, except for personal data, is considered non-confidential and not their property. Inter Connect S.R.L. may use the information for any purpose, including reproduction and publication, as well as the use of ideas for any purpose, including commercial.<\/p>\n<p>In the event that the users of this site formulate questions, comments, suggestions or other information of this type, in connection with the content of a material, this information will be considered non-confidential, In connection with these, Inter Conecter S.R.L. will have no obligation to be free to reproduce, use, publish and distribute that information without restriction.<\/p>\n<p>Inter Connect S.R.L. has the freedom to use, for any purpose, including commercial, ideas, concepts, know-how and techniques transmitted through the site.<\/p>\n<p>Processing of personal data<br \/>\nPlease read the Privacy Policy for information regarding the processing of personal data. The privacy policy is an integral part of this document.<br \/>\nUse of cookies<br \/>\nPlease browse the Cookies Policy. The Cookies Policy is an integral part of this document.<\/p><\/div><\/div><\/div><\/div><div class=\"vc_row wpb_row vc_row-fluid\" ><div class=\"wpb_column vc_column_container vc_col-sm-12\"><div class=\"vc_column-inner\"><div class=\"wpb_wrapper\"><p style=\"text-align: justify;font-family:Open Sans;font-weight:600;font-style:normal\" class=\"vc_custom_heading\" >5. Vis major<\/p><\/div><\/div><\/div><\/div><div class=\"vc_row wpb_row vc_row-fluid\" ><div class=\"wpb_column vc_column_container vc_col-sm-12\"><div class=\"vc_column-inner\"><div class=\"wpb_wrapper\"><p style=\"text-align: justify;font-family:Open Sans;font-weight:400;font-style:normal\" class=\"vc_custom_heading\" >The parties are not held liable for non-fulfillment of its contractual obligations, as a result of the intervention of a force majeure event.<\/p><\/div><\/div><\/div><\/div><div class=\"vc_row wpb_row vc_row-fluid\" ><div class=\"wpb_column vc_column_container vc_col-sm-12\"><div class=\"vc_column-inner\"><div class=\"wpb_wrapper\"><p style=\"text-align: justify;font-family:Open Sans;font-weight:600;font-style:normal\" class=\"vc_custom_heading\" >6. Applicable law - jurisdiction<\/p><\/div><\/div><\/div><\/div><div class=\"vc_row wpb_row vc_row-fluid\" ><div class=\"wpb_column vc_column_container vc_col-sm-12\"><div class=\"vc_column-inner\"><div class=\"wpb_wrapper\"><p style=\"text-align: justify;font-family:Open Sans;font-weight:400;font-style:normal\" class=\"vc_custom_heading\" >The relations between the user and the owner of the site are governed by Romanian law.<\/p><\/div><\/div><\/div><\/div><div class=\"vc_row wpb_row vc_row-fluid\" ><div class=\"wpb_column vc_column_container vc_col-sm-12\"><div class=\"vc_column-inner\"><div class=\"wpb_wrapper\"><p style=\"text-align: justify;font-family:Open Sans;font-weight:600;font-style:normal\" class=\"vc_custom_heading\" >7. Declarations and guarantees<\/p><\/div><\/div><\/div><\/div><div class=\"vc_row wpb_row vc_row-fluid\" ><div class=\"wpb_column vc_column_container vc_col-sm-12\"><div class=\"vc_column-inner\"><div class=\"wpb_wrapper\"><p style=\"text-align: justify;font-family:Open Sans;font-weight:400;font-style:normal\" class=\"vc_custom_heading\" >Inter Connect S.R.L. does not guarantee that the information found on the site is fully complete or accurate; Despite efforts to provide documented and useful information to users, they may not find exactly what they want.<br \/>\nInter Connect S.R.L. does not guarantee that the information will satisfy all the requirements of the visitors;<\/p>\n<p>Inter Connect S.R.L. does not guarantee that the information entered by registered users of the website is real, correct and does not assume responsibility for the way in which visitors use them nor for the information posted by users in comments.<br \/>\nInter Connect S.R.L. is not responsible for the results obtained by users by using the information or services on the site; the use of information is at your own risk;<br \/>\nInter Connect S.R.L. does not guarantee that the site will operate constantly, uninterrupted, without errors;<\/p>\n<p>We are not liable for any damages that Users may have due to temporary or malfunctioning of the site or for the use of information obtained by using the links from the site to other sites.<\/p><\/div><\/div><\/div><\/div><div class=\"vc_row wpb_row vc_row-fluid\" ><div class=\"wpb_column vc_column_container vc_col-sm-12\"><div class=\"vc_column-inner\"><div class=\"wpb_wrapper\"><p style=\"text-align: justify;font-family:Open Sans;font-weight:600;font-style:normal\" class=\"vc_custom_heading\" >8. Miscellaneous<\/p><\/div><\/div><\/div><\/div><div class=\"vc_row wpb_row vc_row-fluid\" ><div class=\"wpb_column vc_column_container vc_col-sm-12\"><div class=\"vc_column-inner\"><div class=\"wpb_wrapper\"><p style=\"text-align: justify;font-family:Open Sans;font-weight:400;font-style:normal\" class=\"vc_custom_heading\" >Inter Connect S.R.L. will periodically update these terms and conditions in order to satisfy the company's interest or to align them with the legislation in force, which is why we recommend going through them every time you access them.<\/p><\/div><\/div><\/div><\/div><div class=\"vc_row wpb_row vc_row-fluid\" ><div class=\"wpb_column vc_column_container vc_col-sm-12\"><div class=\"vc_column-inner\"><div class=\"wpb_wrapper\"><p style=\"text-align: justify;font-family:Open Sans;font-weight:600;font-style:normal\" class=\"vc_custom_heading\" >Even if you fail to comply with these terms and conditions, your use of the site signifies your express agreement as to their content.<br \/>\nIf you do NOT agree to these terms and conditions, please do not access this site.<\/p><\/div><\/div><\/div><\/div><div class=\"vc_row wpb_row vc_row-fluid\" ><div class=\"wpb_column vc_column_container vc_col-sm-12\"><div class=\"vc_column-inner\"><div class=\"wpb_wrapper\"><p style=\"text-align: justify;font-family:Open Sans;font-weight:400;font-style:normal\" class=\"vc_custom_heading\" >Regarding any problem regarding these terms and conditions we can be contacted at the e-mail address displayed on the site<\/p><\/div><\/div><\/div><\/div><\/section>\n<\/div>","protected":false},"excerpt":{"rendered":"1. PREAMBULPrezentul website este proprietatea Inter Conecter S.R.L. fiind operat de c\u0103tre aceasta. Website-ul este disponibil \u00een scop informativ. Prin accesarea acestui site v\u0103 da\u0163i acordul cu privire la ace\u015fti termeni \u015fi condi\u0163ii. Ace\u015fti Termeni si Conditii (\u201eTermeni si Conditii\u201d) sunt aplicabili rela\u0163iilor dintre Inter Conecter S.R.L., cu sediul in Timi\u015foara, str. Ctin Miu Lerca nr. 7\/C, judetul Timis, Romania (\u201eSocietatea\u201d, sau \u201eNoi\u201d) si persoanele care utilizeaza (\u201eUtilizatorul\u201d) pagina de internet www.interconecter.ro [...]","protected":false},"author":3,"featured_media":0,"parent":0,"menu_order":0,"comment_status":"closed","ping_status":"open","template":"","meta":{"footnotes":""},"class_list":["post-3870","page","type-page","status-publish","hentry"],"yoast_head":"<!-- This site is optimized with the Yoast SEO plugin v27.3 - https:\/\/yoast.com\/product\/yoast-seo-wordpress\/ -->\n<title>Termeni \u0219i Condi\u021bii - Interconecter<\/title>\n<meta name=\"robots\" content=\"index, follow, max-snippet:-1, max-image-preview:large, max-video-preview:-1\" \/>\n<link rel=\"canonical\" href=\"https:\/\/interconecter.ro\/en\/termeni-si-conditii\/\" \/>\n<meta property=\"og:locale\" content=\"en_US\" \/>\n<meta property=\"og:type\" content=\"article\" \/>\n<meta property=\"og:title\" content=\"Termeni \u0219i Condi\u021bii - Interconecter\" \/>\n<meta property=\"og:url\" content=\"https:\/\/interconecter.ro\/en\/termeni-si-conditii\/\" \/>\n<meta property=\"og:site_name\" content=\"Interconecter\" \/>\n<meta property=\"article:publisher\" content=\"https:\/\/www.facebook.com\/interconecter2\" \/>\n<meta property=\"article:modified_time\" content=\"2022-01-06T13:46:32+00:00\" \/>\n<meta name=\"twitter:card\" content=\"summary_large_image\" \/>\n<meta name=\"twitter:label1\" content=\"Est. reading time\" \/>\n\t<meta name=\"twitter:data1\" content=\"12 minutes\" \/>\n<script type=\"application\/ld+json\" class=\"yoast-schema-graph\">{\"@context\":\"https:\\\/\\\/schema.org\",\"@graph\":[{\"@type\":\"WebPage\",\"@id\":\"https:\\\/\\\/interconecter.ro\\\/termeni-si-conditii\\\/\",\"url\":\"https:\\\/\\\/interconecter.ro\\\/termeni-si-conditii\\\/\",\"name\":\"Termeni \u0219i Condi\u021bii - Interconecter\",\"isPartOf\":{\"@id\":\"https:\\\/\\\/interconecter.ro\\\/#website\"},\"datePublished\":\"2021-03-01T10:48:50+00:00\",\"dateModified\":\"2022-01-06T13:46:32+00:00\",\"breadcrumb\":{\"@id\":\"https:\\\/\\\/interconecter.ro\\\/termeni-si-conditii\\\/#breadcrumb\"},\"inLanguage\":\"en-US\",\"potentialAction\":[{\"@type\":\"ReadAction\",\"target\":[\"https:\\\/\\\/interconecter.ro\\\/termeni-si-conditii\\\/\"]}]},{\"@type\":\"BreadcrumbList\",\"@id\":\"https:\\\/\\\/interconecter.ro\\\/termeni-si-conditii\\\/#breadcrumb\",\"itemListElement\":[{\"@type\":\"ListItem\",\"position\":1,\"name\":\"Prima pagin\u0103\",\"item\":\"https:\\\/\\\/interconecter.ro\\\/\"},{\"@type\":\"ListItem\",\"position\":2,\"name\":\"Termeni \u0219i Condi\u021bii\"}]},{\"@type\":\"WebSite\",\"@id\":\"https:\\\/\\\/interconecter.ro\\\/#website\",\"url\":\"https:\\\/\\\/interconecter.ro\\\/\",\"name\":\"Interconecter\",\"description\":\"Noua chiar ne place ciocolata\",\"publisher\":{\"@id\":\"https:\\\/\\\/interconecter.ro\\\/#organization\"},\"potentialAction\":[{\"@type\":\"SearchAction\",\"target\":{\"@type\":\"EntryPoint\",\"urlTemplate\":\"https:\\\/\\\/interconecter.ro\\\/?s={search_term_string}\"},\"query-input\":{\"@type\":\"PropertyValueSpecification\",\"valueRequired\":true,\"valueName\":\"search_term_string\"}}],\"inLanguage\":\"en-US\"},{\"@type\":\"Organization\",\"@id\":\"https:\\\/\\\/interconecter.ro\\\/#organization\",\"name\":\"Interconecter\",\"url\":\"https:\\\/\\\/interconecter.ro\\\/\",\"logo\":{\"@type\":\"ImageObject\",\"inLanguage\":\"en-US\",\"@id\":\"https:\\\/\\\/interconecter.ro\\\/#\\\/schema\\\/logo\\\/image\\\/\",\"url\":\"https:\\\/\\\/interconecter.ro\\\/wp-content\\\/uploads\\\/2021\\\/02\\\/Design-fara-titlu-21.png\",\"contentUrl\":\"https:\\\/\\\/interconecter.ro\\\/wp-content\\\/uploads\\\/2021\\\/02\\\/Design-fara-titlu-21.png\",\"width\":200,\"height\":200,\"caption\":\"Interconecter\"},\"image\":{\"@id\":\"https:\\\/\\\/interconecter.ro\\\/#\\\/schema\\\/logo\\\/image\\\/\"},\"sameAs\":[\"https:\\\/\\\/www.facebook.com\\\/interconecter2\"]}]}<\/script>\n<!-- \/ Yoast SEO plugin. -->","yoast_head_json":{"title":"Termeni \u0219i Condi\u021bii - Interconecter","robots":{"index":"index","follow":"follow","max-snippet":"max-snippet:-1","max-image-preview":"max-image-preview:large","max-video-preview":"max-video-preview:-1"},"canonical":"https:\/\/interconecter.ro\/en\/termeni-si-conditii\/","og_locale":"en_US","og_type":"article","og_title":"Termeni \u0219i Condi\u021bii - Interconecter","og_url":"https:\/\/interconecter.ro\/en\/termeni-si-conditii\/","og_site_name":"Interconecter","article_publisher":"https:\/\/www.facebook.com\/interconecter2","article_modified_time":"2022-01-06T13:46:32+00:00","twitter_card":"summary_large_image","twitter_misc":{"Est. reading time":"12 minutes"},"schema":{"@context":"https:\/\/schema.org","@graph":[{"@type":"WebPage","@id":"https:\/\/interconecter.ro\/termeni-si-conditii\/","url":"https:\/\/interconecter.ro\/termeni-si-conditii\/","name":"Termeni \u0219i Condi\u021bii - Interconecter","isPartOf":{"@id":"https:\/\/interconecter.ro\/#website"},"datePublished":"2021-03-01T10:48:50+00:00","dateModified":"2022-01-06T13:46:32+00:00","breadcrumb":{"@id":"https:\/\/interconecter.ro\/termeni-si-conditii\/#breadcrumb"},"inLanguage":"en-US","potentialAction":[{"@type":"ReadAction","target":["https:\/\/interconecter.ro\/termeni-si-conditii\/"]}]},{"@type":"BreadcrumbList","@id":"https:\/\/interconecter.ro\/termeni-si-conditii\/#breadcrumb","itemListElement":[{"@type":"ListItem","position":1,"name":"Prima pagin\u0103","item":"https:\/\/interconecter.ro\/"},{"@type":"ListItem","position":2,"name":"Termeni \u0219i Condi\u021bii"}]},{"@type":"WebSite","@id":"https:\/\/interconecter.ro\/#website","url":"https:\/\/interconecter.ro\/","name":"Interconecter","description":"Noua chiar ne place ciocolata","publisher":{"@id":"https:\/\/interconecter.ro\/#organization"},"potentialAction":[{"@type":"SearchAction","target":{"@type":"EntryPoint","urlTemplate":"https:\/\/interconecter.ro\/?s={search_term_string}"},"query-input":{"@type":"PropertyValueSpecification","valueRequired":true,"valueName":"search_term_string"}}],"inLanguage":"en-US"},{"@type":"Organization","@id":"https:\/\/interconecter.ro\/#organization","name":"Interconecter","url":"https:\/\/interconecter.ro\/","logo":{"@type":"ImageObject","inLanguage":"en-US","@id":"https:\/\/interconecter.ro\/#\/schema\/logo\/image\/","url":"https:\/\/interconecter.ro\/wp-content\/uploads\/2021\/02\/Design-fara-titlu-21.png","contentUrl":"https:\/\/interconecter.ro\/wp-content\/uploads\/2021\/02\/Design-fara-titlu-21.png","width":200,"height":200,"caption":"Interconecter"},"image":{"@id":"https:\/\/interconecter.ro\/#\/schema\/logo\/image\/"},"sameAs":["https:\/\/www.facebook.com\/interconecter2"]}]}},"_links":{"self":[{"href":"https:\/\/interconecter.ro\/en\/wp-json\/wp\/v2\/pages\/3870","targetHints":{"allow":["GET"]}}],"collection":[{"href":"https:\/\/interconecter.ro\/en\/wp-json\/wp\/v2\/pages"}],"about":[{"href":"https:\/\/interconecter.ro\/en\/wp-json\/wp\/v2\/types\/page"}],"author":[{"embeddable":true,"href":"https:\/\/interconecter.ro\/en\/wp-json\/wp\/v2\/users\/3"}],"replies":[{"embeddable":true,"href":"https:\/\/interconecter.ro\/en\/wp-json\/wp\/v2\/comments?post=3870"}],"version-history":[{"count":15,"href":"https:\/\/interconecter.ro\/en\/wp-json\/wp\/v2\/pages\/3870\/revisions"}],"predecessor-version":[{"id":4227,"href":"https:\/\/interconecter.ro\/en\/wp-json\/wp\/v2\/pages\/3870\/revisions\/4227"}],"wp:attachment":[{"href":"https:\/\/interconecter.ro\/en\/wp-json\/wp\/v2\/media?parent=3870"}],"curies":[{"name":"wp","href":"https:\/\/api.w.org\/{rel}","templated":true}]}}