{"id":1110,"date":"2018-04-18T10:00:36","date_gmt":"2018-04-18T10:00:36","guid":{"rendered":"http:\/\/corretto.elated-themes.com\/?page_id=1110"},"modified":"2021-03-12T18:04:37","modified_gmt":"2021-03-12T18:04:37","slug":"contact","status":"publish","type":"page","link":"https:\/\/interconecter.ro\/en\/contact\/","title":{"rendered":"Contact"},"content":{"rendered":"<div class=\"wpb-content-wrapper\"><div class=\"eltdf-row-grid-section-wrapper\"  ><div class=\"eltdf-row-grid-section\"><div class=\"vc_row wpb_row vc_row-fluid vc_custom_1523522247814\" ><div class=\"wpb_column vc_column_container vc_col-sm-12 vc_col-lg-6 vc_col-md-10\"><div class=\"vc_column-inner vc_custom_1523522781324\"><div class=\"wpb_wrapper\"><div class=\"eltdf-section-title-holder\" >\n\t<div class=\"eltdf-st-inner\">\n\t\t\t\t\t<h3 class=\"eltdf-st-title\" >\n\t\t\t\tContact Us\t\t\t<\/h3>\n\t\t\t\t\t\t\t<p class=\"eltdf-st-text\" >\n\t\t\t\tYour comments and suggestions are always welcome. So, if you have any questions or want to contact us, please use the form or data below:\t\t\t<\/p>\n\t\t\t<\/div>\n<\/div><div class=\"vc_empty_space\"   style=\"height: 25px\"><span class=\"vc_empty_space_inner\"><\/span><\/div>\n\t<div class=\"wpb_text_column wpb_content_element  vc_custom_1615572276048\" >\n\t\t<div class=\"wpb_wrapper\">\n\t\t\t<p style=\"text-align: left;\"><span style=\"font-weight: 400;\">INTER CONECTER SRL\u00a0 |\u00a0 <\/span><span style=\"font-weight: 400;\">ORC: J35 \/ 541\/ 2000\u00a0 |\u00a0 CUI: RO 13116628<\/span><\/p>\n\n\t\t<\/div>\n\t<\/div>\n<div class=\"eltdf-icon-list-holder\" >\n\t<div class=\"eltdf-il-icon-holder\">\n\t\t<i class=\"eltdf-icon-font-awesome fa fa-map-marker\" style=\"color: #be9c79;font-size: 20px\"><\/i>\t<\/div>\n\t<p class=\"eltdf-il-text\" style=\"padding-left: 18px\">Office Inter Conecter SRL: Str. Constantin Miu Lerca, Nr. 7C, Timi\u0219oara, TM<\/p>\n<\/div><div class=\"eltdf-icon-list-holder\" >\n\t<div class=\"eltdf-il-icon-holder\">\n\t\t<i class=\"eltdf-icon-font-awesome fa fa-map-marker\" style=\"color: #be9c79;font-size: 20px\"><\/i>\t<\/div>\n\t<p class=\"eltdf-il-text\" style=\"padding-left: 18px\">Storage: Str. Complexului, Nr. 8, S\u0103c\u0103laz, TM<\/p>\n<\/div><div class=\"vc_empty_space\"   style=\"height: 5px\"><span class=\"vc_empty_space_inner\"><\/span><\/div><div class=\"eltdf-icon-list-holder\" >\n\t<div class=\"eltdf-il-icon-holder\">\n\t\t<i class=\"eltdf-icon-font-awesome fa fa-envelope\" style=\"color: #be9c79;font-size: 20px\"><\/i>\t<\/div>\n\t<p class=\"eltdf-il-text\" style=\"padding-left: 18px\">office@interconecter.ro<\/p>\n<\/div><div class=\"vc_empty_space\"   style=\"height: 10px\"><span class=\"vc_empty_space_inner\"><\/span><\/div>    <span class=\"eltdf-icon-shortcode eltdf-normal\"  data-hover-color=\"#be9c79\" data-color=\"#b3b3b3\">\n        <span class=\"eltdf-icon-bckg-holder\" ><\/span>\n                    <a itemprop=\"url\" class=\"eltdf-anchor\" href=\"https:\/\/www.facebook.com\/interconecter2\" target=\"_blank\">\n                    <span aria-hidden=\"true\" class=\"eltdf-icon-font-elegant social_facebook eltdf-icon-element\" style=\"color: #b3b3b3\" ><\/span>                            <\/a>\n            <\/span>\n    <span class=\"eltdf-icon-shortcode eltdf-normal\"  data-hover-color=\"#be9c79\" data-color=\"#b3b3b3\">\n        <span class=\"eltdf-icon-bckg-holder\" ><\/span>\n                    <a itemprop=\"url\" class=\"eltdf-anchor\" href=\"https:\/\/www.youtube.com\/channel\/UCEtbn0y0fkkSG854gmAhwkA\" target=\"_blank\">\n                    <span aria-hidden=\"true\" class=\"eltdf-icon-font-elegant social_youtube eltdf-icon-element\" style=\"color: #b3b3b3\" ><\/span>                            <\/a>\n            <\/span>\n<\/div><\/div><\/div><div class=\"wpb_column vc_column_container vc_col-sm-12 vc_col-lg-offset-0 vc_col-lg-6 vc_col-md-offset-0 vc_col-md-12 vc_col-sm-offset-0\"><div class=\"vc_column-inner\"><div class=\"wpb_wrapper\">\n<div class=\"wpcf7 no-js\" id=\"wpcf7-f1097-o1\" lang=\"en-US\" dir=\"ltr\" data-wpcf7-id=\"1097\">\n<div class=\"screen-reader-response\"><p role=\"status\" aria-live=\"polite\" aria-atomic=\"true\"><\/p> <ul><\/ul><\/div>\n<form action=\"\/en\/wp-json\/wp\/v2\/pages\/1110#wpcf7-f1097-o1\" method=\"post\" class=\"wpcf7-form init cf7_custom_style_1\" aria-label=\"Contact form\" novalidate=\"novalidate\" data-status=\"init\" data-trp-original-action=\"\/en\/wp-json\/wp\/v2\/pages\/1110#wpcf7-f1097-o1\">\n<fieldset class=\"hidden-fields-container\"><input type=\"hidden\" name=\"_wpcf7\" value=\"1097\" \/><input type=\"hidden\" name=\"_wpcf7_version\" value=\"6.1.5\" \/><input type=\"hidden\" name=\"_wpcf7_locale\" value=\"en_US\" \/><input type=\"hidden\" name=\"_wpcf7_unit_tag\" value=\"wpcf7-f1097-o1\" \/><input type=\"hidden\" name=\"_wpcf7_container_post\" value=\"0\" \/><input type=\"hidden\" name=\"_wpcf7_posted_data_hash\" value=\"\" \/>\n<\/fieldset>\n<div>\n\t<div class=\"eltdf-grid-row eltdf-grid-normal-gutter\">\n\t\t<div class=\"eltdf-grid-col-6\">\n\t\t\t<p><span class=\"wpcf7-form-control-wrap\" data-name=\"your-name\"><input size=\"40\" maxlength=\"400\" class=\"wpcf7-form-control wpcf7-text wpcf7-validates-as-required\" aria-required=\"true\" aria-invalid=\"false\" placeholder=\"Name\" value=\"\" type=\"text\" name=\"your-name\" \/><\/span>\n\t\t\t<\/p>\n\t\t<\/div>\n\t\t<div class=\"eltdf-grid-col-6\">\n\t\t\t<p><span class=\"wpcf7-form-control-wrap\" data-name=\"your-email\"><input size=\"40\" maxlength=\"400\" class=\"wpcf7-form-control wpcf7-email wpcf7-validates-as-required wpcf7-text wpcf7-validates-as-email\" aria-required=\"true\" aria-invalid=\"false\" placeholder=\"Email\" value=\"\" type=\"email\" name=\"your-email\" \/><\/span>\n\t\t\t<\/p>\n\t\t<\/div>\n\t<\/div>\n\t<div class=\"eltdf-grid-row eltdf-grid-normal-gutter\">\n\t\t<div class=\"eltdf-grid-col-12\">\n\t\t\t<p><span class=\"wpcf7-form-control-wrap\" data-name=\"your-subject\"><input size=\"40\" maxlength=\"400\" class=\"wpcf7-form-control wpcf7-text wpcf7-validates-as-required\" aria-required=\"true\" aria-invalid=\"false\" placeholder=\"Subject\" value=\"\" type=\"text\" name=\"your-subject\" \/><\/span>\n\t\t\t<\/p>\n\t\t<\/div>\n\t<\/div>\n\t<p><span class=\"wpcf7-form-control-wrap\" data-name=\"your-message\"><textarea cols=\"40\" rows=\"10\" maxlength=\"2000\" class=\"wpcf7-form-control wpcf7-textarea\" aria-invalid=\"false\" placeholder=\"Message\" name=\"your-message\"><\/textarea><\/span>\n\t<\/p>\n\t<p><input class=\"wpcf7-form-control wpcf7-submit has-spinner\" type=\"submit\" value=\"Send\" \/>\n\t<\/p>\n<\/div><div class=\"wpcf7-response-output\" aria-hidden=\"true\"><\/div>\n<input type=\"hidden\" name=\"trp-form-language\" value=\"en\"\/><\/form>\n<\/div>\n<\/div><\/div><\/div><\/div><\/div><\/div><div class=\"vc_row wpb_row vc_row-fluid vc_custom_1613566554684\" style=\"background-image: url(https:\/\/interconecter.ro\/wp-content\/uploads\/2021\/02\/Design-fara-titlu-6-1.png)\"><div class=\"wpb_column vc_column_container vc_col-sm-12 vc_col-lg-offset-3 vc_col-lg-6 vc_col-md-offset-2 vc_col-md-8\"><div class=\"vc_column-inner\"><div class=\"wpb_wrapper\"><h6 style=\"font-size: 24px;text-align: center;font-family:Raleway;font-weight:400;font-style:normal\" class=\"vc_custom_heading\" >You can contact us at one of our departments<\/h6><\/div><\/div><\/div><\/div><div class=\"eltdf-row-grid-section-wrapper\"  ><div class=\"eltdf-row-grid-section\"><div class=\"vc_row wpb_row vc_row-fluid vc_custom_1613555320747\" ><div class=\"wpb_column vc_column_container vc_col-sm-3\"><div class=\"vc_column-inner\"><div class=\"wpb_wrapper\"><div class=\"eltdf-iwt clearfix  eltdf-iwt-icon-top eltdf-iwt-icon-medium eltdf-iwt-has-hover-icon\">\n\t<div class=\"eltdf-iwt-icon\">\n\t\t\t\t\t\t\t\t\t<span class=\"eltdf-iwt-custom-icon\">\n\t\t\t\t\t<img loading=\"lazy\" decoding=\"async\" width=\"128\" height=\"128\" src=\"https:\/\/interconecter.ro\/wp-content\/uploads\/2021\/02\/call-3613071_640.png\" class=\"attachment-full size-full\" alt=\"\" srcset=\"https:\/\/interconecter.ro\/wp-content\/uploads\/2021\/02\/call-3613071_640.png 128w, https:\/\/interconecter.ro\/wp-content\/uploads\/2021\/02\/call-3613071_640-100x100.png 100w\" sizes=\"auto, (max-width: 128px) 100vw, 128px\" \/>\t\t\t\t\t\t\t\t\t\t\t<span class=\"eltdf-iwt-hover-icon\">\n\t\t\t\t\t\t\t<img loading=\"lazy\" decoding=\"async\" width=\"128\" height=\"128\" src=\"https:\/\/interconecter.ro\/wp-content\/uploads\/2021\/02\/mk_deschis.png\" class=\"attachment-full size-full\" alt=\"\" srcset=\"https:\/\/interconecter.ro\/wp-content\/uploads\/2021\/02\/mk_deschis.png 128w, https:\/\/interconecter.ro\/wp-content\/uploads\/2021\/02\/mk_deschis-100x100.png 100w\" sizes=\"auto, (max-width: 128px) 100vw, 128px\" \/>\t\t\t\t\t\t<\/span>\n\t\t\t\t\t\t\t\t\t<\/span>\n\t\t\t\t\t\t<\/div>\n\t<div class=\"eltdf-iwt-content\" >\n\t\t\t\t\t<h5 class=\"eltdf-iwt-title\" style=\"margin-top: -7px\">\n\t\t\t\t\t\t\t\t<span class=\"eltdf-iwt-title-text\">Marketing<\/span>\n\t\t\t\t\t\t\t<\/h5>\n\t\t\t\t\t<\/div>\n<\/div>\n\t<div class=\"wpb_text_column wpb_content_element\" >\n\t\t<div class=\"wpb_wrapper\">\n\t\t\t<p style=\"text-align: center;\"><a href=\"tel:0723171474\">0723 171 474<\/a><\/p>\n\n\t\t<\/div>\n\t<\/div>\n<\/div><\/div><\/div><div class=\"wpb_column vc_column_container vc_col-sm-6 vc_col-lg-offset-0 vc_col-lg-3 vc_col-md-offset-0 vc_col-md-5 vc_col-sm-offset-0 vc_col-xs-12\"><div class=\"vc_column-inner vc_custom_1613555566300\"><div class=\"wpb_wrapper\"><div class=\"eltdf-iwt clearfix  eltdf-iwt-icon-top eltdf-iwt-icon-medium eltdf-iwt-has-hover-icon\">\n\t<div class=\"eltdf-iwt-icon\">\n\t\t\t\t\t\t\t\t\t<span class=\"eltdf-iwt-custom-icon\">\n\t\t\t\t\t<img loading=\"lazy\" decoding=\"async\" width=\"128\" height=\"128\" src=\"https:\/\/interconecter.ro\/wp-content\/uploads\/2021\/02\/vanzari_inchis.png\" class=\"attachment-full size-full\" alt=\"\" srcset=\"https:\/\/interconecter.ro\/wp-content\/uploads\/2021\/02\/vanzari_inchis.png 128w, https:\/\/interconecter.ro\/wp-content\/uploads\/2021\/02\/vanzari_inchis-100x100.png 100w\" sizes=\"auto, (max-width: 128px) 100vw, 128px\" \/>\t\t\t\t\t\t\t\t\t\t\t<span class=\"eltdf-iwt-hover-icon\">\n\t\t\t\t\t\t\t<img loading=\"lazy\" decoding=\"async\" width=\"128\" height=\"128\" src=\"https:\/\/interconecter.ro\/wp-content\/uploads\/2021\/02\/vanzari_deschis.png\" class=\"attachment-full size-full\" alt=\"\" srcset=\"https:\/\/interconecter.ro\/wp-content\/uploads\/2021\/02\/vanzari_deschis.png 128w, https:\/\/interconecter.ro\/wp-content\/uploads\/2021\/02\/vanzari_deschis-100x100.png 100w\" sizes=\"auto, (max-width: 128px) 100vw, 128px\" \/>\t\t\t\t\t\t<\/span>\n\t\t\t\t\t\t\t\t\t<\/span>\n\t\t\t\t\t\t<\/div>\n\t<div class=\"eltdf-iwt-content\" >\n\t\t\t\t\t<h5 class=\"eltdf-iwt-title\" style=\"margin-top: -7px\">\n\t\t\t\t\t\t\t\t<span class=\"eltdf-iwt-title-text\">Sales<\/span>\n\t\t\t\t\t\t\t<\/h5>\n\t\t\t\t\t<\/div>\n<\/div>\n\t<div class=\"wpb_text_column wpb_content_element\" >\n\t\t<div class=\"wpb_wrapper\">\n\t\t\t<p style=\"text-align: center;\"><a href=\"tel:0727722851\">0727 722 851<\/a><\/p>\n\n\t\t<\/div>\n\t<\/div>\n<\/div><\/div><\/div><div class=\"wpb_column vc_column_container vc_col-sm-3 vc_col-lg-offset-0 vc_col-lg-3 vc_col-md-offset-1 vc_col-md-5 vc_col-sm-offset-0 vc_col-xs-12\"><div class=\"vc_column-inner vc_custom_1613555624598\"><div class=\"wpb_wrapper\"><div class=\"eltdf-iwt clearfix  eltdf-iwt-icon-top eltdf-iwt-icon-medium eltdf-iwt-has-hover-icon\">\n\t<div class=\"eltdf-iwt-icon\">\n\t\t\t\t\t\t\t\t\t<span class=\"eltdf-iwt-custom-icon\">\n\t\t\t\t\t<img loading=\"lazy\" decoding=\"async\" width=\"128\" height=\"128\" src=\"https:\/\/interconecter.ro\/wp-content\/uploads\/2021\/02\/export.png\" class=\"attachment-full size-full\" alt=\"\" srcset=\"https:\/\/interconecter.ro\/wp-content\/uploads\/2021\/02\/export.png 128w, https:\/\/interconecter.ro\/wp-content\/uploads\/2021\/02\/export-100x100.png 100w\" sizes=\"auto, (max-width: 128px) 100vw, 128px\" \/>\t\t\t\t\t\t\t\t\t\t\t<span class=\"eltdf-iwt-hover-icon\">\n\t\t\t\t\t\t\t<img loading=\"lazy\" decoding=\"async\" width=\"128\" height=\"128\" src=\"https:\/\/interconecter.ro\/wp-content\/uploads\/2021\/02\/export_hover.png\" class=\"attachment-full size-full\" alt=\"\" srcset=\"https:\/\/interconecter.ro\/wp-content\/uploads\/2021\/02\/export_hover.png 128w, https:\/\/interconecter.ro\/wp-content\/uploads\/2021\/02\/export_hover-100x100.png 100w\" sizes=\"auto, (max-width: 128px) 100vw, 128px\" \/>\t\t\t\t\t\t<\/span>\n\t\t\t\t\t\t\t\t\t<\/span>\n\t\t\t\t\t\t<\/div>\n\t<div class=\"eltdf-iwt-content\" >\n\t\t\t\t\t<h5 class=\"eltdf-iwt-title\" style=\"margin-top: -7px\">\n\t\t\t\t\t\t\t\t<span class=\"eltdf-iwt-title-text\">Export<\/span>\n\t\t\t\t\t\t\t<\/h5>\n\t\t\t\t\t<\/div>\n<\/div>\n\t<div class=\"wpb_text_column wpb_content_element\" >\n\t\t<div class=\"wpb_wrapper\">\n\t\t\t<p style=\"text-align: center;\"><a href=\"tel:0727722850\">0727 722 850<\/a><\/p>\n\n\t\t<\/div>\n\t<\/div>\n<\/div><\/div><\/div><div class=\"wpb_column vc_column_container vc_col-sm-3 vc_col-lg-offset-0 vc_col-lg-3 vc_col-md-offset-0 vc_col-md-5 vc_col-sm-offset-0 vc_col-xs-12\"><div class=\"vc_column-inner vc_custom_1613555709205\"><div class=\"wpb_wrapper\"><div class=\"eltdf-iwt clearfix  eltdf-iwt-icon-top eltdf-iwt-icon-medium eltdf-iwt-has-hover-icon\">\n\t<div class=\"eltdf-iwt-icon\">\n\t\t\t\t\t\t\t\t\t<span class=\"eltdf-iwt-custom-icon\">\n\t\t\t\t\t<img loading=\"lazy\" decoding=\"async\" width=\"128\" height=\"128\" src=\"https:\/\/interconecter.ro\/wp-content\/uploads\/2021\/02\/economic.png\" class=\"attachment-full size-full\" alt=\"\" srcset=\"https:\/\/interconecter.ro\/wp-content\/uploads\/2021\/02\/economic.png 128w, https:\/\/interconecter.ro\/wp-content\/uploads\/2021\/02\/economic-100x100.png 100w\" sizes=\"auto, (max-width: 128px) 100vw, 128px\" \/>\t\t\t\t\t\t\t\t\t\t\t<span class=\"eltdf-iwt-hover-icon\">\n\t\t\t\t\t\t\t<img loading=\"lazy\" decoding=\"async\" width=\"128\" height=\"128\" src=\"https:\/\/interconecter.ro\/wp-content\/uploads\/2021\/02\/economic_hover.png\" class=\"attachment-full size-full\" alt=\"\" srcset=\"https:\/\/interconecter.ro\/wp-content\/uploads\/2021\/02\/economic_hover.png 128w, https:\/\/interconecter.ro\/wp-content\/uploads\/2021\/02\/economic_hover-100x100.png 100w\" sizes=\"auto, (max-width: 128px) 100vw, 128px\" \/>\t\t\t\t\t\t<\/span>\n\t\t\t\t\t\t\t\t\t<\/span>\n\t\t\t\t\t\t<\/div>\n\t<div class=\"eltdf-iwt-content\" >\n\t\t\t\t\t<h5 class=\"eltdf-iwt-title\" style=\"margin-top: -7px\">\n\t\t\t\t\t\t\t\t<span class=\"eltdf-iwt-title-text\">Economic<\/span>\n\t\t\t\t\t\t\t<\/h5>\n\t\t\t\t\t<\/div>\n<\/div>\n\t<div class=\"wpb_text_column wpb_content_element\" >\n\t\t<div class=\"wpb_wrapper\">\n\t\t\t<p style=\"text-align: center;\"><a href=\"tel:0736361585\">0736 361 585<\/a><\/p>\n\n\t\t<\/div>\n\t<\/div>\n<\/div><\/div><\/div><\/div><\/div><\/div>\n<\/div>","protected":false},"excerpt":{"rendered":"Contacteaz\u0103-ne \u00centotdeauna sunt binevenite comentariile \u0219i sugestiile voastre. A\u0219adar, dac\u0103 ave\u021bi \u00eentreb\u0103ri sau dac\u0103 vre\u021bi s\u0103 ne contacta\u021bi, v\u0103 rug\u0103m s\u0103 folosi\u021bi formularul sau datele de mai jos: INTER CONECTER SRL\u00a0 |\u00a0 ORC: J35 \/ 541\/ 2000\u00a0 |\u00a0 CUI: RO 13116628 Sediu Inter Conecter SRL: Str. Constantin Miu Lerca, Nr. 7C, Timi\u0219oara, TM Depozit: Str. Complexului, Nr. 8, S\u0103c\u0103laz, TM office@interconecter.ro Ne po\u021bi contacta la unul din departamentele noastre Marketing 0723 171 [...]","protected":false},"author":3,"featured_media":0,"parent":0,"menu_order":0,"comment_status":"closed","ping_status":"open","template":"full-width.php","meta":{"footnotes":""},"class_list":["post-1110","page","type-page","status-publish","hentry"],"yoast_head":"<!-- This site is optimized with the Yoast SEO plugin v27.3 - https:\/\/yoast.com\/product\/yoast-seo-wordpress\/ -->\n<title>Contact - Interconecter<\/title>\n<meta name=\"robots\" content=\"index, follow, max-snippet:-1, max-image-preview:large, max-video-preview:-1\" \/>\n<link rel=\"canonical\" href=\"https:\/\/interconecter.ro\/en\/contact\/\" \/>\n<meta property=\"og:locale\" content=\"en_US\" \/>\n<meta property=\"og:type\" content=\"article\" \/>\n<meta property=\"og:title\" content=\"Contact - Interconecter\" \/>\n<meta property=\"og:url\" content=\"https:\/\/interconecter.ro\/en\/contact\/\" \/>\n<meta property=\"og:site_name\" content=\"Interconecter\" \/>\n<meta property=\"article:publisher\" content=\"https:\/\/www.facebook.com\/interconecter2\" \/>\n<meta property=\"article:modified_time\" content=\"2021-03-12T18:04:37+00:00\" \/>\n<meta name=\"twitter:card\" content=\"summary_large_image\" \/>\n<meta name=\"twitter:label1\" content=\"Est. reading time\" \/>\n\t<meta name=\"twitter:data1\" content=\"3 minutes\" \/>\n<script type=\"application\/ld+json\" class=\"yoast-schema-graph\">{\"@context\":\"https:\\\/\\\/schema.org\",\"@graph\":[{\"@type\":\"WebPage\",\"@id\":\"https:\\\/\\\/interconecter.ro\\\/contact\\\/\",\"url\":\"https:\\\/\\\/interconecter.ro\\\/contact\\\/\",\"name\":\"Contact - Interconecter\",\"isPartOf\":{\"@id\":\"https:\\\/\\\/interconecter.ro\\\/#website\"},\"datePublished\":\"2018-04-18T10:00:36+00:00\",\"dateModified\":\"2021-03-12T18:04:37+00:00\",\"breadcrumb\":{\"@id\":\"https:\\\/\\\/interconecter.ro\\\/contact\\\/#breadcrumb\"},\"inLanguage\":\"en-US\",\"potentialAction\":[{\"@type\":\"ReadAction\",\"target\":[\"https:\\\/\\\/interconecter.ro\\\/contact\\\/\"]}]},{\"@type\":\"BreadcrumbList\",\"@id\":\"https:\\\/\\\/interconecter.ro\\\/contact\\\/#breadcrumb\",\"itemListElement\":[{\"@type\":\"ListItem\",\"position\":1,\"name\":\"Prima pagin\u0103\",\"item\":\"https:\\\/\\\/interconecter.ro\\\/\"},{\"@type\":\"ListItem\",\"position\":2,\"name\":\"Contact\"}]},{\"@type\":\"WebSite\",\"@id\":\"https:\\\/\\\/interconecter.ro\\\/#website\",\"url\":\"https:\\\/\\\/interconecter.ro\\\/\",\"name\":\"Interconecter\",\"description\":\"Noua chiar ne place ciocolata\",\"publisher\":{\"@id\":\"https:\\\/\\\/interconecter.ro\\\/#organization\"},\"potentialAction\":[{\"@type\":\"SearchAction\",\"target\":{\"@type\":\"EntryPoint\",\"urlTemplate\":\"https:\\\/\\\/interconecter.ro\\\/?s={search_term_string}\"},\"query-input\":{\"@type\":\"PropertyValueSpecification\",\"valueRequired\":true,\"valueName\":\"search_term_string\"}}],\"inLanguage\":\"en-US\"},{\"@type\":\"Organization\",\"@id\":\"https:\\\/\\\/interconecter.ro\\\/#organization\",\"name\":\"Interconecter\",\"url\":\"https:\\\/\\\/interconecter.ro\\\/\",\"logo\":{\"@type\":\"ImageObject\",\"inLanguage\":\"en-US\",\"@id\":\"https:\\\/\\\/interconecter.ro\\\/#\\\/schema\\\/logo\\\/image\\\/\",\"url\":\"https:\\\/\\\/interconecter.ro\\\/wp-content\\\/uploads\\\/2021\\\/02\\\/Design-fara-titlu-21.png\",\"contentUrl\":\"https:\\\/\\\/interconecter.ro\\\/wp-content\\\/uploads\\\/2021\\\/02\\\/Design-fara-titlu-21.png\",\"width\":200,\"height\":200,\"caption\":\"Interconecter\"},\"image\":{\"@id\":\"https:\\\/\\\/interconecter.ro\\\/#\\\/schema\\\/logo\\\/image\\\/\"},\"sameAs\":[\"https:\\\/\\\/www.facebook.com\\\/interconecter2\"]}]}<\/script>\n<!-- \/ Yoast SEO plugin. -->","yoast_head_json":{"title":"Contact - Interconecter","robots":{"index":"index","follow":"follow","max-snippet":"max-snippet:-1","max-image-preview":"max-image-preview:large","max-video-preview":"max-video-preview:-1"},"canonical":"https:\/\/interconecter.ro\/en\/contact\/","og_locale":"en_US","og_type":"article","og_title":"Contact - Interconecter","og_url":"https:\/\/interconecter.ro\/en\/contact\/","og_site_name":"Interconecter","article_publisher":"https:\/\/www.facebook.com\/interconecter2","article_modified_time":"2021-03-12T18:04:37+00:00","twitter_card":"summary_large_image","twitter_misc":{"Est. reading time":"3 minutes"},"schema":{"@context":"https:\/\/schema.org","@graph":[{"@type":"WebPage","@id":"https:\/\/interconecter.ro\/contact\/","url":"https:\/\/interconecter.ro\/contact\/","name":"Contact - Interconecter","isPartOf":{"@id":"https:\/\/interconecter.ro\/#website"},"datePublished":"2018-04-18T10:00:36+00:00","dateModified":"2021-03-12T18:04:37+00:00","breadcrumb":{"@id":"https:\/\/interconecter.ro\/contact\/#breadcrumb"},"inLanguage":"en-US","potentialAction":[{"@type":"ReadAction","target":["https:\/\/interconecter.ro\/contact\/"]}]},{"@type":"BreadcrumbList","@id":"https:\/\/interconecter.ro\/contact\/#breadcrumb","itemListElement":[{"@type":"ListItem","position":1,"name":"Prima pagin\u0103","item":"https:\/\/interconecter.ro\/"},{"@type":"ListItem","position":2,"name":"Contact"}]},{"@type":"WebSite","@id":"https:\/\/interconecter.ro\/#website","url":"https:\/\/interconecter.ro\/","name":"Interconecter","description":"Noua chiar ne place ciocolata","publisher":{"@id":"https:\/\/interconecter.ro\/#organization"},"potentialAction":[{"@type":"SearchAction","target":{"@type":"EntryPoint","urlTemplate":"https:\/\/interconecter.ro\/?s={search_term_string}"},"query-input":{"@type":"PropertyValueSpecification","valueRequired":true,"valueName":"search_term_string"}}],"inLanguage":"en-US"},{"@type":"Organization","@id":"https:\/\/interconecter.ro\/#organization","name":"Interconecter","url":"https:\/\/interconecter.ro\/","logo":{"@type":"ImageObject","inLanguage":"en-US","@id":"https:\/\/interconecter.ro\/#\/schema\/logo\/image\/","url":"https:\/\/interconecter.ro\/wp-content\/uploads\/2021\/02\/Design-fara-titlu-21.png","contentUrl":"https:\/\/interconecter.ro\/wp-content\/uploads\/2021\/02\/Design-fara-titlu-21.png","width":200,"height":200,"caption":"Interconecter"},"image":{"@id":"https:\/\/interconecter.ro\/#\/schema\/logo\/image\/"},"sameAs":["https:\/\/www.facebook.com\/interconecter2"]}]}},"_links":{"self":[{"href":"https:\/\/interconecter.ro\/en\/wp-json\/wp\/v2\/pages\/1110","targetHints":{"allow":["GET"]}}],"collection":[{"href":"https:\/\/interconecter.ro\/en\/wp-json\/wp\/v2\/pages"}],"about":[{"href":"https:\/\/interconecter.ro\/en\/wp-json\/wp\/v2\/types\/page"}],"author":[{"embeddable":true,"href":"https:\/\/interconecter.ro\/en\/wp-json\/wp\/v2\/users\/3"}],"replies":[{"embeddable":true,"href":"https:\/\/interconecter.ro\/en\/wp-json\/wp\/v2\/comments?post=1110"}],"version-history":[{"count":5,"href":"https:\/\/interconecter.ro\/en\/wp-json\/wp\/v2\/pages\/1110\/revisions"}],"predecessor-version":[{"id":3901,"href":"https:\/\/interconecter.ro\/en\/wp-json\/wp\/v2\/pages\/1110\/revisions\/3901"}],"wp:attachment":[{"href":"https:\/\/interconecter.ro\/en\/wp-json\/wp\/v2\/media?parent=1110"}],"curies":[{"name":"wp","href":"https:\/\/api.w.org\/{rel}","templated":true}]}}